{"id":1016,"date":"2021-09-18T05:58:05","date_gmt":"2021-09-18T08:58:05","guid":{"rendered":"http:\/\/vsturismoportodegalinhas.com.br\/2021\/?page_id=1016"},"modified":"2025-10-29T12:42:50","modified_gmt":"2025-10-29T15:42:50","slug":"praia-de-maragogi","status":"publish","type":"page","link":"https:\/\/vsturismoportodegalinhas.com.br\/2021\/praia-de-maragogi\/","title":{"rendered":"Praia de Maragogi"},"content":{"rendered":"\n<div class=\"wp-block-cover alignfull has-background-dim-70 has-white-background-color has-background-dim\" style=\"min-height:300px\"><img loading=\"lazy\" width=\"2560\" height=\"1708\" class=\"wp-block-cover__image-background wp-image-1152\" alt=\"\" src=\"http:\/\/vsturismoportodegalinhas.com.br\/2021\/wp-content\/uploads\/2021\/09\/marco_ankosqui_gales_de_maragogi_maragogi-al_39956150745_o-scaled.jpg\" data-object-fit=\"cover\" srcset=\"https:\/\/vsturismoportodegalinhas.com.br\/2021\/wp-content\/uploads\/2021\/09\/marco_ankosqui_gales_de_maragogi_maragogi-al_39956150745_o-scaled.jpg 2560w, https:\/\/vsturismoportodegalinhas.com.br\/2021\/wp-content\/uploads\/2021\/09\/marco_ankosqui_gales_de_maragogi_maragogi-al_39956150745_o-scaled-600x400.jpg 600w, https:\/\/vsturismoportodegalinhas.com.br\/2021\/wp-content\/uploads\/2021\/09\/marco_ankosqui_gales_de_maragogi_maragogi-al_39956150745_o-300x200.jpg 300w, https:\/\/vsturismoportodegalinhas.com.br\/2021\/wp-content\/uploads\/2021\/09\/marco_ankosqui_gales_de_maragogi_maragogi-al_39956150745_o-1024x683.jpg 1024w, https:\/\/vsturismoportodegalinhas.com.br\/2021\/wp-content\/uploads\/2021\/09\/marco_ankosqui_gales_de_maragogi_maragogi-al_39956150745_o-768x513.jpg 768w, https:\/\/vsturismoportodegalinhas.com.br\/2021\/wp-content\/uploads\/2021\/09\/marco_ankosqui_gales_de_maragogi_maragogi-al_39956150745_o-1536x1025.jpg 1536w, https:\/\/vsturismoportodegalinhas.com.br\/2021\/wp-content\/uploads\/2021\/09\/marco_ankosqui_gales_de_maragogi_maragogi-al_39956150745_o-2048x1367.jpg 2048w\" sizes=\"(max-width: 2560px) 100vw, 2560px\" \/><div class=\"wp-block-cover__inner-container\">\n<div style=\"height:100px\" aria-hidden=\"true\" class=\"wp-block-spacer\"><\/div>\n\n\n\n<h4 class=\"has-text-color\" style=\"color:#5f7eb4\"> <strong>TRANSFER&nbsp;+ PASSEIO DE LANCHA<\/strong><\/h4>\n\n\n\n<h1 class=\"has-text-color\" style=\"color:#5f7eb4\">PRAIA dE MARAGOGI<\/h1>\n<\/div><\/div>\n\n\n\n<div class=\"wp-block-group alignfull has-background\" style=\"background-color:#f7f7f7\"><div class=\"wp-block-group__inner-container\">\n<div style=\"height:34px\" aria-hidden=\"true\" class=\"wp-block-spacer\"><\/div>\n\n\n\n<div class=\"wp-block-columns\">\n<div class=\"wp-block-column\">\n<h4 class=\"has-text-color\" style=\"color:#5f7eb4\">DESCRI\u00c7\u00c3O: <\/h4>\n\n\n\n<p><strong>Maragogi<\/strong>&nbsp;\u00e9 um dos destinos mais bonitos do litoral nordestino! <\/p>\n\n\n\n<p>A cidade est\u00e1 localizada no estado de Alagoas, precisamente na \u00e1rea de preserva\u00e7\u00e3o ambiental denominada Costa dos Corais. E \u00e9 tamb\u00e9m conhecida como&nbsp;o Caribe Brasileiro, pois as praias possuem caracter\u00edsticas semelhantes \u00e0s do Caribe. <\/p>\n\n\n\n<p>\u00c9 o lugar perfeito para quem deseja passar o dia com muito sol&nbsp; aproveitando o mar e as piscinas naturais de \u00e1guas mornas cristalinas, que \u00e9 a marca registrada da regi\u00e3o.<\/p>\n<\/div>\n<\/div>\n\n\n\n<div style=\"height:35px\" aria-hidden=\"true\" class=\"wp-block-spacer\"><\/div>\n\n\n\n<h3 class=\"has-text-align-center has-text-color\" style=\"color:#5f7eb4\">vALORES:<\/h3>\n\n\n\n<p class=\"has-text-align-left\"><strong>VALOR DO TRANSFER&nbsp;+ PASSEIO DE LANCHA<\/strong><\/p>\n\n\n\n<figure class=\"wp-block-table is-style-stripes\"><table><tbody><tr><td><strong>R$ <\/strong>200,00<\/td><td><strong>P<\/strong>OR PESSOA <\/td><\/tr><tr><td><\/td><td><\/td><\/tr><tr><td><\/td><td><\/td><\/tr><tr><td><\/td><td><\/td><\/tr><tr><td><\/td><td><\/td><\/tr><\/tbody><\/table><figcaption> <\/figcaption><\/figure>\n\n\n\n<p>\u2605 O passeio de lancha tem dura\u00e7\u00e3o de 02 horas, com 02 paradas, piscinas naturais e banco de areia (caminho de Mois\u00e9s)<\/p>\n\n\n\n<p>\u200b\u2605 N\u00e3o esta incluso day use, alimenta\u00e7\u00e3o ou bebidas.&nbsp; &nbsp;&nbsp; &nbsp; &nbsp; &nbsp; &nbsp; &nbsp; &nbsp; &nbsp; &nbsp; &nbsp; &nbsp; &nbsp; &nbsp; &nbsp;&nbsp; &nbsp; &nbsp; &nbsp; &nbsp; &nbsp; &nbsp;&nbsp;<\/p>\n\n\n\n<p>\u2605 Os valores informados s\u00e3o para sa\u00edda de Porto de Galinhas, Maraca\u00edpe e Muro Alto.<\/p>\n\n\n\n<p>\u2605 <strong>OBS<\/strong>: Hor\u00e1rio da sa\u00eddas de acordo com a mar\u00e9 do dia.<\/p>\n\n\n\n<div style=\"height:35px\" aria-hidden=\"true\" class=\"wp-block-spacer\"><\/div>\n\n\n\n<h4 class=\"has-text-align-center has-text-color\" style=\"color:#5f7eb4\">GALERIA DE IMAGEM:<\/h4>\n\n\n\n<div class=\"wp-block-columns alignwide\">\n<div class=\"wp-block-column\">\n<figure class=\"wp-block-gallery columns-3 is-cropped\"><ul class=\"blocks-gallery-grid\"><li class=\"blocks-gallery-item\"><figure><img loading=\"lazy\" width=\"1024\" height=\"683\" src=\"http:\/\/vsturismoportodegalinhas.com.br\/2021\/wp-content\/uploads\/2021\/09\/marco_ankosqui_praia_de_maragogi_maragogi-al_40850121751_o-1024x683.jpg\" alt=\"\" data-id=\"1156\" data-full-url=\"http:\/\/vsturismoportodegalinhas.com.br\/2021\/wp-content\/uploads\/2021\/09\/marco_ankosqui_praia_de_maragogi_maragogi-al_40850121751_o-scaled.jpg\" data-link=\"http:\/\/vsturismoportodegalinhas.com.br\/2021\/praia-de-maragogi\/marco_ankosqui_praia_de_maragogi_maragogi-al_40850121751_o\/\" class=\"wp-image-1156\" srcset=\"https:\/\/vsturismoportodegalinhas.com.br\/2021\/wp-content\/uploads\/2021\/09\/marco_ankosqui_praia_de_maragogi_maragogi-al_40850121751_o-1024x683.jpg 1024w, https:\/\/vsturismoportodegalinhas.com.br\/2021\/wp-content\/uploads\/2021\/09\/marco_ankosqui_praia_de_maragogi_maragogi-al_40850121751_o-scaled-600x400.jpg 600w, https:\/\/vsturismoportodegalinhas.com.br\/2021\/wp-content\/uploads\/2021\/09\/marco_ankosqui_praia_de_maragogi_maragogi-al_40850121751_o-300x200.jpg 300w, https:\/\/vsturismoportodegalinhas.com.br\/2021\/wp-content\/uploads\/2021\/09\/marco_ankosqui_praia_de_maragogi_maragogi-al_40850121751_o-768x513.jpg 768w, https:\/\/vsturismoportodegalinhas.com.br\/2021\/wp-content\/uploads\/2021\/09\/marco_ankosqui_praia_de_maragogi_maragogi-al_40850121751_o-1536x1025.jpg 1536w, https:\/\/vsturismoportodegalinhas.com.br\/2021\/wp-content\/uploads\/2021\/09\/marco_ankosqui_praia_de_maragogi_maragogi-al_40850121751_o-2048x1367.jpg 2048w\" sizes=\"(max-width: 1024px) 100vw, 1024px\" \/><\/figure><\/li><li class=\"blocks-gallery-item\"><figure><img loading=\"lazy\" width=\"1024\" height=\"683\" src=\"http:\/\/vsturismoportodegalinhas.com.br\/2021\/wp-content\/uploads\/2021\/09\/marco_ankosqui_gales_de_maragogi_maragogi-al_39956150745_o-1024x683.jpg\" alt=\"\" data-id=\"1152\" data-full-url=\"http:\/\/vsturismoportodegalinhas.com.br\/2021\/wp-content\/uploads\/2021\/09\/marco_ankosqui_gales_de_maragogi_maragogi-al_39956150745_o-scaled.jpg\" data-link=\"http:\/\/vsturismoportodegalinhas.com.br\/2021\/praia-de-maragogi\/marco_ankosqui_gales_de_maragogi_maragogi-al_39956150745_o\/\" class=\"wp-image-1152\" srcset=\"https:\/\/vsturismoportodegalinhas.com.br\/2021\/wp-content\/uploads\/2021\/09\/marco_ankosqui_gales_de_maragogi_maragogi-al_39956150745_o-1024x683.jpg 1024w, https:\/\/vsturismoportodegalinhas.com.br\/2021\/wp-content\/uploads\/2021\/09\/marco_ankosqui_gales_de_maragogi_maragogi-al_39956150745_o-scaled-600x400.jpg 600w, https:\/\/vsturismoportodegalinhas.com.br\/2021\/wp-content\/uploads\/2021\/09\/marco_ankosqui_gales_de_maragogi_maragogi-al_39956150745_o-300x200.jpg 300w, https:\/\/vsturismoportodegalinhas.com.br\/2021\/wp-content\/uploads\/2021\/09\/marco_ankosqui_gales_de_maragogi_maragogi-al_39956150745_o-768x513.jpg 768w, https:\/\/vsturismoportodegalinhas.com.br\/2021\/wp-content\/uploads\/2021\/09\/marco_ankosqui_gales_de_maragogi_maragogi-al_39956150745_o-1536x1025.jpg 1536w, https:\/\/vsturismoportodegalinhas.com.br\/2021\/wp-content\/uploads\/2021\/09\/marco_ankosqui_gales_de_maragogi_maragogi-al_39956150745_o-2048x1367.jpg 2048w\" sizes=\"(max-width: 1024px) 100vw, 1024px\" \/><\/figure><\/li><li class=\"blocks-gallery-item\"><figure><img loading=\"lazy\" width=\"1024\" height=\"683\" src=\"http:\/\/vsturismoportodegalinhas.com.br\/2021\/wp-content\/uploads\/2021\/09\/marco_ankosqui_praia_de_maragogi_maragogi-al-004_25978637277_o-1024x683.jpg\" alt=\"\" data-id=\"1157\" data-full-url=\"http:\/\/vsturismoportodegalinhas.com.br\/2021\/wp-content\/uploads\/2021\/09\/marco_ankosqui_praia_de_maragogi_maragogi-al-004_25978637277_o-scaled.jpg\" data-link=\"http:\/\/vsturismoportodegalinhas.com.br\/2021\/praia-de-maragogi\/marco_ankosqui_praia_de_maragogi_maragogi-al-004_25978637277_o\/\" class=\"wp-image-1157\" srcset=\"https:\/\/vsturismoportodegalinhas.com.br\/2021\/wp-content\/uploads\/2021\/09\/marco_ankosqui_praia_de_maragogi_maragogi-al-004_25978637277_o-1024x683.jpg 1024w, https:\/\/vsturismoportodegalinhas.com.br\/2021\/wp-content\/uploads\/2021\/09\/marco_ankosqui_praia_de_maragogi_maragogi-al-004_25978637277_o-scaled-600x400.jpg 600w, https:\/\/vsturismoportodegalinhas.com.br\/2021\/wp-content\/uploads\/2021\/09\/marco_ankosqui_praia_de_maragogi_maragogi-al-004_25978637277_o-300x200.jpg 300w, https:\/\/vsturismoportodegalinhas.com.br\/2021\/wp-content\/uploads\/2021\/09\/marco_ankosqui_praia_de_maragogi_maragogi-al-004_25978637277_o-768x513.jpg 768w, https:\/\/vsturismoportodegalinhas.com.br\/2021\/wp-content\/uploads\/2021\/09\/marco_ankosqui_praia_de_maragogi_maragogi-al-004_25978637277_o-1536x1025.jpg 1536w, https:\/\/vsturismoportodegalinhas.com.br\/2021\/wp-content\/uploads\/2021\/09\/marco_ankosqui_praia_de_maragogi_maragogi-al-004_25978637277_o-2048x1367.jpg 2048w\" sizes=\"(max-width: 1024px) 100vw, 1024px\" \/><\/figure><\/li><\/ul><\/figure>\n\n\n\n<figure class=\"wp-block-gallery columns-3 is-cropped\"><ul class=\"blocks-gallery-grid\"><li class=\"blocks-gallery-item\"><figure><img loading=\"lazy\" width=\"1024\" height=\"683\" src=\"http:\/\/vsturismoportodegalinhas.com.br\/2021\/wp-content\/uploads\/2021\/09\/marco_ankosqui_praia_de_antunes_maragogi-al_40850129961_o-1024x683.jpg\" alt=\"\" data-id=\"1154\" data-full-url=\"http:\/\/vsturismoportodegalinhas.com.br\/2021\/wp-content\/uploads\/2021\/09\/marco_ankosqui_praia_de_antunes_maragogi-al_40850129961_o-scaled.jpg\" data-link=\"http:\/\/vsturismoportodegalinhas.com.br\/2021\/praia-de-maragogi\/marco_ankosqui_praia_de_antunes_maragogi-al_40850129961_o\/\" class=\"wp-image-1154\" srcset=\"https:\/\/vsturismoportodegalinhas.com.br\/2021\/wp-content\/uploads\/2021\/09\/marco_ankosqui_praia_de_antunes_maragogi-al_40850129961_o-1024x683.jpg 1024w, https:\/\/vsturismoportodegalinhas.com.br\/2021\/wp-content\/uploads\/2021\/09\/marco_ankosqui_praia_de_antunes_maragogi-al_40850129961_o-scaled-600x400.jpg 600w, https:\/\/vsturismoportodegalinhas.com.br\/2021\/wp-content\/uploads\/2021\/09\/marco_ankosqui_praia_de_antunes_maragogi-al_40850129961_o-300x200.jpg 300w, https:\/\/vsturismoportodegalinhas.com.br\/2021\/wp-content\/uploads\/2021\/09\/marco_ankosqui_praia_de_antunes_maragogi-al_40850129961_o-768x513.jpg 768w, https:\/\/vsturismoportodegalinhas.com.br\/2021\/wp-content\/uploads\/2021\/09\/marco_ankosqui_praia_de_antunes_maragogi-al_40850129961_o-1536x1025.jpg 1536w, https:\/\/vsturismoportodegalinhas.com.br\/2021\/wp-content\/uploads\/2021\/09\/marco_ankosqui_praia_de_antunes_maragogi-al_40850129961_o-2048x1367.jpg 2048w\" sizes=\"(max-width: 1024px) 100vw, 1024px\" \/><\/figure><\/li><li class=\"blocks-gallery-item\"><figure><img loading=\"lazy\" width=\"1024\" height=\"683\" src=\"http:\/\/vsturismoportodegalinhas.com.br\/2021\/wp-content\/uploads\/2021\/09\/marco_ankosqui_praia_de_antunes_maragogi-al_40850130861_o-1024x683.jpg\" alt=\"\" data-id=\"1155\" data-full-url=\"http:\/\/vsturismoportodegalinhas.com.br\/2021\/wp-content\/uploads\/2021\/09\/marco_ankosqui_praia_de_antunes_maragogi-al_40850130861_o-scaled.jpg\" data-link=\"http:\/\/vsturismoportodegalinhas.com.br\/2021\/praia-de-maragogi\/marco_ankosqui_praia_de_antunes_maragogi-al_40850130861_o\/\" class=\"wp-image-1155\" srcset=\"https:\/\/vsturismoportodegalinhas.com.br\/2021\/wp-content\/uploads\/2021\/09\/marco_ankosqui_praia_de_antunes_maragogi-al_40850130861_o-1024x683.jpg 1024w, https:\/\/vsturismoportodegalinhas.com.br\/2021\/wp-content\/uploads\/2021\/09\/marco_ankosqui_praia_de_antunes_maragogi-al_40850130861_o-scaled-600x400.jpg 600w, https:\/\/vsturismoportodegalinhas.com.br\/2021\/wp-content\/uploads\/2021\/09\/marco_ankosqui_praia_de_antunes_maragogi-al_40850130861_o-300x200.jpg 300w, https:\/\/vsturismoportodegalinhas.com.br\/2021\/wp-content\/uploads\/2021\/09\/marco_ankosqui_praia_de_antunes_maragogi-al_40850130861_o-768x513.jpg 768w, https:\/\/vsturismoportodegalinhas.com.br\/2021\/wp-content\/uploads\/2021\/09\/marco_ankosqui_praia_de_antunes_maragogi-al_40850130861_o-1536x1025.jpg 1536w, https:\/\/vsturismoportodegalinhas.com.br\/2021\/wp-content\/uploads\/2021\/09\/marco_ankosqui_praia_de_antunes_maragogi-al_40850130861_o-2048x1367.jpg 2048w\" sizes=\"(max-width: 1024px) 100vw, 1024px\" \/><\/figure><\/li><li class=\"blocks-gallery-item\"><figure><img loading=\"lazy\" width=\"1024\" height=\"683\" src=\"http:\/\/vsturismoportodegalinhas.com.br\/2021\/wp-content\/uploads\/2021\/09\/marco_ankosqui_gales_de_maragogi_maragogi-al_40850137231_o-1024x683.jpg\" alt=\"\" data-id=\"1153\" data-full-url=\"http:\/\/vsturismoportodegalinhas.com.br\/2021\/wp-content\/uploads\/2021\/09\/marco_ankosqui_gales_de_maragogi_maragogi-al_40850137231_o-scaled.jpg\" data-link=\"http:\/\/vsturismoportodegalinhas.com.br\/2021\/praia-de-maragogi\/marco_ankosqui_gales_de_maragogi_maragogi-al_40850137231_o\/\" class=\"wp-image-1153\" srcset=\"https:\/\/vsturismoportodegalinhas.com.br\/2021\/wp-content\/uploads\/2021\/09\/marco_ankosqui_gales_de_maragogi_maragogi-al_40850137231_o-1024x683.jpg 1024w, https:\/\/vsturismoportodegalinhas.com.br\/2021\/wp-content\/uploads\/2021\/09\/marco_ankosqui_gales_de_maragogi_maragogi-al_40850137231_o-scaled-600x400.jpg 600w, https:\/\/vsturismoportodegalinhas.com.br\/2021\/wp-content\/uploads\/2021\/09\/marco_ankosqui_gales_de_maragogi_maragogi-al_40850137231_o-300x200.jpg 300w, https:\/\/vsturismoportodegalinhas.com.br\/2021\/wp-content\/uploads\/2021\/09\/marco_ankosqui_gales_de_maragogi_maragogi-al_40850137231_o-768x513.jpg 768w, https:\/\/vsturismoportodegalinhas.com.br\/2021\/wp-content\/uploads\/2021\/09\/marco_ankosqui_gales_de_maragogi_maragogi-al_40850137231_o-1536x1025.jpg 1536w, https:\/\/vsturismoportodegalinhas.com.br\/2021\/wp-content\/uploads\/2021\/09\/marco_ankosqui_gales_de_maragogi_maragogi-al_40850137231_o-2048x1367.jpg 2048w\" sizes=\"(max-width: 1024px) 100vw, 1024px\" \/><\/figure><\/li><\/ul><\/figure>\n<\/div>\n<\/div>\n<\/div><\/div>\n","protected":false},"excerpt":{"rendered":"<p>DESCRI\u00c7\u00c3O: Maragogi&nbsp;\u00e9 um dos destinos mais bonitos do litoral nordestino! A cidade est\u00e1 localizada no estado de Alagoas, precisamente na \u00e1rea de preserva\u00e7\u00e3o ambiental denominada Costa dos Corais. E \u00e9 tamb\u00e9m conhecida como&nbsp;o Caribe Brasileiro, pois as praias possuem caracter\u00edsticas semelhantes \u00e0s do Caribe. \u00c9 o lugar perfeito para quem deseja passar o dia com &hellip;<\/p>\n<p class=\"read-more\"> <a class=\"\" href=\"https:\/\/vsturismoportodegalinhas.com.br\/2021\/praia-de-maragogi\/\"> <span class=\"screen-reader-text\">Praia de Maragogi<\/span> Leia mais &raquo;<\/a><\/p>\n","protected":false},"author":1,"featured_media":0,"parent":0,"menu_order":0,"comment_status":"closed","ping_status":"closed","template":"","meta":{"om_disable_all_campaigns":false,"_monsterinsights_skip_tracking":false,"_monsterinsights_sitenote_active":false,"_monsterinsights_sitenote_note":"","_monsterinsights_sitenote_category":0},"_links":{"self":[{"href":"https:\/\/vsturismoportodegalinhas.com.br\/2021\/wp-json\/wp\/v2\/pages\/1016"}],"collection":[{"href":"https:\/\/vsturismoportodegalinhas.com.br\/2021\/wp-json\/wp\/v2\/pages"}],"about":[{"href":"https:\/\/vsturismoportodegalinhas.com.br\/2021\/wp-json\/wp\/v2\/types\/page"}],"author":[{"embeddable":true,"href":"https:\/\/vsturismoportodegalinhas.com.br\/2021\/wp-json\/wp\/v2\/users\/1"}],"replies":[{"embeddable":true,"href":"https:\/\/vsturismoportodegalinhas.com.br\/2021\/wp-json\/wp\/v2\/comments?post=1016"}],"version-history":[{"count":17,"href":"https:\/\/vsturismoportodegalinhas.com.br\/2021\/wp-json\/wp\/v2\/pages\/1016\/revisions"}],"predecessor-version":[{"id":1485,"href":"https:\/\/vsturismoportodegalinhas.com.br\/2021\/wp-json\/wp\/v2\/pages\/1016\/revisions\/1485"}],"wp:attachment":[{"href":"https:\/\/vsturismoportodegalinhas.com.br\/2021\/wp-json\/wp\/v2\/media?parent=1016"}],"curies":[{"name":"wp","href":"https:\/\/api.w.org\/{rel}","templated":true}]}}