{"id":1031,"date":"2021-09-22T22:39:26","date_gmt":"2021-09-23T01:39:26","guid":{"rendered":"http:\/\/vsturismoportodegalinhas.com.br\/2021\/?page_id=1031"},"modified":"2025-10-29T12:41:08","modified_gmt":"2025-10-29T15:41:08","slug":"ilha-de-santo-aleixo","status":"publish","type":"page","link":"https:\/\/vsturismoportodegalinhas.com.br\/2021\/ilha-de-santo-aleixo\/","title":{"rendered":"Ilha de Santo Aleixo"},"content":{"rendered":"\n<div class=\"wp-block-cover alignfull has-background-dim-70 has-white-background-color has-background-dim\" style=\"min-height:300px\"><img loading=\"lazy\" width=\"2560\" height=\"1440\" class=\"wp-block-cover__image-background wp-image-1042\" alt=\"\" src=\"http:\/\/vsturismoportodegalinhas.com.br\/2021\/wp-content\/uploads\/2021\/09\/32794636818_1c80d8a19d_o-scaled.jpg\" data-object-fit=\"cover\" srcset=\"https:\/\/vsturismoportodegalinhas.com.br\/2021\/wp-content\/uploads\/2021\/09\/32794636818_1c80d8a19d_o-scaled.jpg 2560w, https:\/\/vsturismoportodegalinhas.com.br\/2021\/wp-content\/uploads\/2021\/09\/32794636818_1c80d8a19d_o-scaled-600x338.jpg 600w, https:\/\/vsturismoportodegalinhas.com.br\/2021\/wp-content\/uploads\/2021\/09\/32794636818_1c80d8a19d_o-300x169.jpg 300w, https:\/\/vsturismoportodegalinhas.com.br\/2021\/wp-content\/uploads\/2021\/09\/32794636818_1c80d8a19d_o-1024x576.jpg 1024w, https:\/\/vsturismoportodegalinhas.com.br\/2021\/wp-content\/uploads\/2021\/09\/32794636818_1c80d8a19d_o-768x432.jpg 768w, https:\/\/vsturismoportodegalinhas.com.br\/2021\/wp-content\/uploads\/2021\/09\/32794636818_1c80d8a19d_o-1536x864.jpg 1536w, https:\/\/vsturismoportodegalinhas.com.br\/2021\/wp-content\/uploads\/2021\/09\/32794636818_1c80d8a19d_o-2048x1152.jpg 2048w\" sizes=\"(max-width: 2560px) 100vw, 2560px\" \/><div class=\"wp-block-cover__inner-container\">\n<div style=\"height:100px\" aria-hidden=\"true\" class=\"wp-block-spacer\"><\/div>\n\n\n\n<h4 class=\"has-text-color\" style=\"color:#5f7eb4\"><strong>TRANSFER<\/strong> + TRAVESSIA DE <strong>LANCHA  + TRILHA COM GUIA<\/strong> <\/h4>\n\n\n\n<h1 class=\"has-text-color\" style=\"color:#5f7eb4\">iLHA DE SANTO ALEIXO<\/h1>\n<\/div><\/div>\n\n\n\n<div class=\"wp-block-group alignfull has-background\" style=\"background-color:#f7f7f7\"><div class=\"wp-block-group__inner-container\">\n<div class=\"wp-block-columns\">\n<div class=\"wp-block-column\">\n<h4 class=\"has-text-color\" style=\"color:#5f7eb4\">DESCRI\u00c7\u00c3O: <\/h4>\n\n\n\n<p>Situada entre&nbsp;Porto de Galinhas&nbsp;e a&nbsp;Praia dos Carneiros, a Ilha de Santo Aleixo \u00e9 um espet\u00e1culo de belezas naturais, um lugar paradis\u00edaco pouco explorado no litoral sul de Pernambuco, lugar calmo e perfeito para quem gosta de estar em sintonia com a natureza.<\/p>\n\n\n\n<p>A ilha, que tem cerca de 30 hectares, \u00e9 uma superf\u00edcie formada em cima de rochas vulc\u00e2nicas cobertas por uma vegeta\u00e7\u00e3o de arbustos e muitos coqueiros, o atrativo possui praias com \u00e1guas transparentes, forma\u00e7\u00f5es rochosas e corais formam piscinas naturais de \u00e1guas quentes.<\/p>\n\n\n\n<p>Ilha de Santo Aleixo \u00e9 um espet\u00e1culo de belezas naturais. Com origem vulc\u00e2nica, o atrativo tem praias com mar transparente, suntuosa vegeta\u00e7\u00e3o, forma\u00e7\u00f5es rochosas e corais que formam piscinas naturais de \u00e1guas mornas.<\/p>\n<\/div>\n<\/div>\n\n\n\n<div style=\"height:35px\" aria-hidden=\"true\" class=\"wp-block-spacer\"><\/div>\n\n\n\n<h3 class=\"has-text-align-center has-text-color\" style=\"color:#5f7eb4\">vALORES:<\/h3>\n\n\n\n<p><strong>VALOR DO TRANSFER + TRAVESSIA DE LANCHA  + TRILHA COM GUIA<\/strong><\/p>\n\n\n\n<figure class=\"wp-block-table is-style-stripes\"><table><tbody><tr><td><strong>R$ 160,00<\/strong><\/td><td><strong>POR PESSOA <\/strong><\/td><\/tr><tr><td><\/td><td><\/td><\/tr><tr><td><\/td><td><\/td><\/tr><tr><td><\/td><td><\/td><\/tr><tr><td><\/td><td><\/td><\/tr><\/tbody><\/table><figcaption> <\/figcaption><\/figure>\n\n\n\n<p>\u2605 A travessia de lancha tem dura\u00e7\u00e3o de aproximadamente 10 minutos<\/p>\n\n\n\n<p>\u200b\u2605 N\u00e3o esta incluso alimenta\u00e7\u00e3o e bebidas.&nbsp; &nbsp;&nbsp; &nbsp; &nbsp; &nbsp; &nbsp; &nbsp; &nbsp; &nbsp; &nbsp; &nbsp; &nbsp; &nbsp; &nbsp; &nbsp;&nbsp; &nbsp; &nbsp; &nbsp; &nbsp; &nbsp; &nbsp;&nbsp;<\/p>\n\n\n\n<p>\u2605 Os valores informados s\u00e3o para sa\u00edda de Porto de Galinhas, Maraca\u00edpe e Muro Alto<\/p>\n\n\n\n<div style=\"height:35px\" aria-hidden=\"true\" class=\"wp-block-spacer\"><\/div>\n\n\n\n<h4 class=\"has-text-align-center has-text-color\" style=\"color:#5f7eb4\">GALERIA DE IMAGEM:<\/h4>\n\n\n\n<div class=\"wp-block-columns alignwide\">\n<div class=\"wp-block-column\">\n<div class=\"wp-block-group\"><div class=\"wp-block-group__inner-container\">\n<figure class=\"wp-block-gallery columns-3 is-cropped\"><ul class=\"blocks-gallery-grid\"><li class=\"blocks-gallery-item\"><figure><img loading=\"lazy\" width=\"1024\" height=\"576\" src=\"http:\/\/vsturismoportodegalinhas.com.br\/2021\/wp-content\/uploads\/2021\/09\/32794636818_1c80d8a19d_o-1024x576.jpg\" alt=\"\" data-id=\"1042\" data-full-url=\"http:\/\/vsturismoportodegalinhas.com.br\/2021\/wp-content\/uploads\/2021\/09\/32794636818_1c80d8a19d_o-scaled.jpg\" data-link=\"http:\/\/vsturismoportodegalinhas.com.br\/2021\/ilha-de-santo-aleixo\/dcim100mediadji_0037-jpg\/\" class=\"wp-image-1042\" srcset=\"https:\/\/vsturismoportodegalinhas.com.br\/2021\/wp-content\/uploads\/2021\/09\/32794636818_1c80d8a19d_o-1024x576.jpg 1024w, https:\/\/vsturismoportodegalinhas.com.br\/2021\/wp-content\/uploads\/2021\/09\/32794636818_1c80d8a19d_o-scaled-600x338.jpg 600w, https:\/\/vsturismoportodegalinhas.com.br\/2021\/wp-content\/uploads\/2021\/09\/32794636818_1c80d8a19d_o-300x169.jpg 300w, https:\/\/vsturismoportodegalinhas.com.br\/2021\/wp-content\/uploads\/2021\/09\/32794636818_1c80d8a19d_o-768x432.jpg 768w, https:\/\/vsturismoportodegalinhas.com.br\/2021\/wp-content\/uploads\/2021\/09\/32794636818_1c80d8a19d_o-1536x864.jpg 1536w, https:\/\/vsturismoportodegalinhas.com.br\/2021\/wp-content\/uploads\/2021\/09\/32794636818_1c80d8a19d_o-2048x1152.jpg 2048w\" sizes=\"(max-width: 1024px) 100vw, 1024px\" \/><\/figure><\/li><li class=\"blocks-gallery-item\"><figure><img loading=\"lazy\" width=\"1024\" height=\"733\" src=\"http:\/\/vsturismoportodegalinhas.com.br\/2021\/wp-content\/uploads\/2021\/09\/31704820021_e8095d92ab_o-1024x733.jpg\" alt=\"\" data-id=\"1041\" data-full-url=\"http:\/\/vsturismoportodegalinhas.com.br\/2021\/wp-content\/uploads\/2021\/09\/31704820021_e8095d92ab_o-scaled.jpg\" data-link=\"http:\/\/vsturismoportodegalinhas.com.br\/2021\/ilha-de-santo-aleixo\/31704820021_e8095d92ab_o\/\" class=\"wp-image-1041\" srcset=\"https:\/\/vsturismoportodegalinhas.com.br\/2021\/wp-content\/uploads\/2021\/09\/31704820021_e8095d92ab_o-1024x733.jpg 1024w, https:\/\/vsturismoportodegalinhas.com.br\/2021\/wp-content\/uploads\/2021\/09\/31704820021_e8095d92ab_o-scaled-600x429.jpg 600w, https:\/\/vsturismoportodegalinhas.com.br\/2021\/wp-content\/uploads\/2021\/09\/31704820021_e8095d92ab_o-300x215.jpg 300w, https:\/\/vsturismoportodegalinhas.com.br\/2021\/wp-content\/uploads\/2021\/09\/31704820021_e8095d92ab_o-768x549.jpg 768w, https:\/\/vsturismoportodegalinhas.com.br\/2021\/wp-content\/uploads\/2021\/09\/31704820021_e8095d92ab_o-1536x1099.jpg 1536w, https:\/\/vsturismoportodegalinhas.com.br\/2021\/wp-content\/uploads\/2021\/09\/31704820021_e8095d92ab_o-2048x1465.jpg 2048w\" sizes=\"(max-width: 1024px) 100vw, 1024px\" \/><\/figure><\/li><li class=\"blocks-gallery-item\"><figure><img loading=\"lazy\" width=\"1024\" height=\"685\" src=\"http:\/\/vsturismoportodegalinhas.com.br\/2021\/wp-content\/uploads\/2021\/09\/31658616392_f0f555ed37_o-1024x685.jpg\" alt=\"\" data-id=\"1040\" data-full-url=\"http:\/\/vsturismoportodegalinhas.com.br\/2021\/wp-content\/uploads\/2021\/09\/31658616392_f0f555ed37_o.jpg\" data-link=\"http:\/\/vsturismoportodegalinhas.com.br\/2021\/ilha-de-santo-aleixo\/31658616392_f0f555ed37_o\/\" class=\"wp-image-1040\" srcset=\"https:\/\/vsturismoportodegalinhas.com.br\/2021\/wp-content\/uploads\/2021\/09\/31658616392_f0f555ed37_o-1024x685.jpg 1024w, https:\/\/vsturismoportodegalinhas.com.br\/2021\/wp-content\/uploads\/2021\/09\/31658616392_f0f555ed37_o-600x401.jpg 600w, https:\/\/vsturismoportodegalinhas.com.br\/2021\/wp-content\/uploads\/2021\/09\/31658616392_f0f555ed37_o-300x201.jpg 300w, https:\/\/vsturismoportodegalinhas.com.br\/2021\/wp-content\/uploads\/2021\/09\/31658616392_f0f555ed37_o-768x514.jpg 768w, https:\/\/vsturismoportodegalinhas.com.br\/2021\/wp-content\/uploads\/2021\/09\/31658616392_f0f555ed37_o-1536x1027.jpg 1536w, https:\/\/vsturismoportodegalinhas.com.br\/2021\/wp-content\/uploads\/2021\/09\/31658616392_f0f555ed37_o.jpg 1576w\" sizes=\"(max-width: 1024px) 100vw, 1024px\" \/><\/figure><\/li><\/ul><\/figure>\n\n\n\n<figure class=\"wp-block-gallery columns-2 is-cropped\"><ul class=\"blocks-gallery-grid\"><li class=\"blocks-gallery-item\"><figure><img loading=\"lazy\" width=\"1024\" height=\"768\" src=\"http:\/\/vsturismoportodegalinhas.com.br\/2021\/wp-content\/uploads\/2021\/09\/5439340155_b62668e2d8_o-1024x768.jpg\" alt=\"\" data-id=\"1039\" data-full-url=\"http:\/\/vsturismoportodegalinhas.com.br\/2021\/wp-content\/uploads\/2021\/09\/5439340155_b62668e2d8_o-scaled.jpg\" data-link=\"http:\/\/vsturismoportodegalinhas.com.br\/2021\/ilha-de-santo-aleixo\/5439340155_b62668e2d8_o\/\" class=\"wp-image-1039\" srcset=\"https:\/\/vsturismoportodegalinhas.com.br\/2021\/wp-content\/uploads\/2021\/09\/5439340155_b62668e2d8_o-1024x768.jpg 1024w, https:\/\/vsturismoportodegalinhas.com.br\/2021\/wp-content\/uploads\/2021\/09\/5439340155_b62668e2d8_o-scaled-600x450.jpg 600w, https:\/\/vsturismoportodegalinhas.com.br\/2021\/wp-content\/uploads\/2021\/09\/5439340155_b62668e2d8_o-300x225.jpg 300w, https:\/\/vsturismoportodegalinhas.com.br\/2021\/wp-content\/uploads\/2021\/09\/5439340155_b62668e2d8_o-768x576.jpg 768w, https:\/\/vsturismoportodegalinhas.com.br\/2021\/wp-content\/uploads\/2021\/09\/5439340155_b62668e2d8_o-1536x1152.jpg 1536w, https:\/\/vsturismoportodegalinhas.com.br\/2021\/wp-content\/uploads\/2021\/09\/5439340155_b62668e2d8_o-2048x1536.jpg 2048w\" sizes=\"(max-width: 1024px) 100vw, 1024px\" \/><\/figure><\/li><li class=\"blocks-gallery-item\"><figure><img loading=\"lazy\" width=\"1024\" height=\"576\" src=\"http:\/\/vsturismoportodegalinhas.com.br\/2021\/wp-content\/uploads\/2021\/09\/2138648327_3c9ef867d3_o-1024x576.jpg\" alt=\"\" data-id=\"1038\" data-full-url=\"http:\/\/vsturismoportodegalinhas.com.br\/2021\/wp-content\/uploads\/2021\/09\/2138648327_3c9ef867d3_o.jpg\" data-link=\"http:\/\/vsturismoportodegalinhas.com.br\/2021\/ilha-de-santo-aleixo\/2138648327_3c9ef867d3_o\/\" class=\"wp-image-1038\" srcset=\"https:\/\/vsturismoportodegalinhas.com.br\/2021\/wp-content\/uploads\/2021\/09\/2138648327_3c9ef867d3_o-1024x576.jpg 1024w, https:\/\/vsturismoportodegalinhas.com.br\/2021\/wp-content\/uploads\/2021\/09\/2138648327_3c9ef867d3_o-600x338.jpg 600w, https:\/\/vsturismoportodegalinhas.com.br\/2021\/wp-content\/uploads\/2021\/09\/2138648327_3c9ef867d3_o-300x169.jpg 300w, https:\/\/vsturismoportodegalinhas.com.br\/2021\/wp-content\/uploads\/2021\/09\/2138648327_3c9ef867d3_o-768x432.jpg 768w, https:\/\/vsturismoportodegalinhas.com.br\/2021\/wp-content\/uploads\/2021\/09\/2138648327_3c9ef867d3_o-1536x864.jpg 1536w, https:\/\/vsturismoportodegalinhas.com.br\/2021\/wp-content\/uploads\/2021\/09\/2138648327_3c9ef867d3_o.jpg 1920w\" sizes=\"(max-width: 1024px) 100vw, 1024px\" \/><\/figure><\/li><\/ul><\/figure>\n<\/div><\/div>\n<\/div>\n<\/div>\n<\/div><\/div>\n","protected":false},"excerpt":{"rendered":"<p>DESCRI\u00c7\u00c3O: Situada entre&nbsp;Porto de Galinhas&nbsp;e a&nbsp;Praia dos Carneiros, a Ilha de Santo Aleixo \u00e9 um espet\u00e1culo de belezas naturais, um lugar paradis\u00edaco pouco explorado no litoral sul de Pernambuco, lugar calmo e perfeito para quem gosta de estar em sintonia com a natureza. A ilha, que tem cerca de 30 hectares, \u00e9 uma superf\u00edcie formada &hellip;<\/p>\n<p class=\"read-more\"> <a class=\"\" href=\"https:\/\/vsturismoportodegalinhas.com.br\/2021\/ilha-de-santo-aleixo\/\"> <span class=\"screen-reader-text\">Ilha de Santo Aleixo<\/span> Leia mais &raquo;<\/a><\/p>\n","protected":false},"author":1,"featured_media":0,"parent":0,"menu_order":0,"comment_status":"closed","ping_status":"closed","template":"","meta":{"om_disable_all_campaigns":false,"_monsterinsights_skip_tracking":false,"_monsterinsights_sitenote_active":false,"_monsterinsights_sitenote_note":"","_monsterinsights_sitenote_category":0},"_links":{"self":[{"href":"https:\/\/vsturismoportodegalinhas.com.br\/2021\/wp-json\/wp\/v2\/pages\/1031"}],"collection":[{"href":"https:\/\/vsturismoportodegalinhas.com.br\/2021\/wp-json\/wp\/v2\/pages"}],"about":[{"href":"https:\/\/vsturismoportodegalinhas.com.br\/2021\/wp-json\/wp\/v2\/types\/page"}],"author":[{"embeddable":true,"href":"https:\/\/vsturismoportodegalinhas.com.br\/2021\/wp-json\/wp\/v2\/users\/1"}],"replies":[{"embeddable":true,"href":"https:\/\/vsturismoportodegalinhas.com.br\/2021\/wp-json\/wp\/v2\/comments?post=1031"}],"version-history":[{"count":23,"href":"https:\/\/vsturismoportodegalinhas.com.br\/2021\/wp-json\/wp\/v2\/pages\/1031\/revisions"}],"predecessor-version":[{"id":1483,"href":"https:\/\/vsturismoportodegalinhas.com.br\/2021\/wp-json\/wp\/v2\/pages\/1031\/revisions\/1483"}],"wp:attachment":[{"href":"https:\/\/vsturismoportodegalinhas.com.br\/2021\/wp-json\/wp\/v2\/media?parent=1031"}],"curies":[{"name":"wp","href":"https:\/\/api.w.org\/{rel}","templated":true}]}}