{"id":1049,"date":"2021-09-22T23:00:09","date_gmt":"2021-09-23T02:00:09","guid":{"rendered":"http:\/\/vsturismoportodegalinhas.com.br\/2021\/?page_id=1049"},"modified":"2025-10-29T12:45:33","modified_gmt":"2025-10-29T15:45:33","slug":"sao-miguel-dos-milagres","status":"publish","type":"page","link":"https:\/\/vsturismoportodegalinhas.com.br\/2021\/sao-miguel-dos-milagres\/","title":{"rendered":"S\u00e3o Miguel dos Milagres"},"content":{"rendered":"\n<div class=\"wp-block-cover alignfull has-background-dim-70 has-white-background-color has-background-dim\" style=\"min-height:300px\"><img loading=\"lazy\" width=\"2560\" height=\"1708\" class=\"wp-block-cover__image-background wp-image-1056\" alt=\"\" src=\"http:\/\/vsturismoportodegalinhas.com.br\/2021\/wp-content\/uploads\/2021\/09\/25979023967_8586d04fa0_o-scaled.jpg\" data-object-fit=\"cover\" srcset=\"https:\/\/vsturismoportodegalinhas.com.br\/2021\/wp-content\/uploads\/2021\/09\/25979023967_8586d04fa0_o-scaled.jpg 2560w, https:\/\/vsturismoportodegalinhas.com.br\/2021\/wp-content\/uploads\/2021\/09\/25979023967_8586d04fa0_o-scaled-600x400.jpg 600w, https:\/\/vsturismoportodegalinhas.com.br\/2021\/wp-content\/uploads\/2021\/09\/25979023967_8586d04fa0_o-300x200.jpg 300w, https:\/\/vsturismoportodegalinhas.com.br\/2021\/wp-content\/uploads\/2021\/09\/25979023967_8586d04fa0_o-1024x683.jpg 1024w, https:\/\/vsturismoportodegalinhas.com.br\/2021\/wp-content\/uploads\/2021\/09\/25979023967_8586d04fa0_o-768x513.jpg 768w, https:\/\/vsturismoportodegalinhas.com.br\/2021\/wp-content\/uploads\/2021\/09\/25979023967_8586d04fa0_o-1536x1025.jpg 1536w, https:\/\/vsturismoportodegalinhas.com.br\/2021\/wp-content\/uploads\/2021\/09\/25979023967_8586d04fa0_o-2048x1367.jpg 2048w\" sizes=\"(max-width: 2560px) 100vw, 2560px\" \/><div class=\"wp-block-cover__inner-container\">\n<div style=\"height:100px\" aria-hidden=\"true\" class=\"wp-block-spacer\"><\/div>\n\n\n\n<h4 class=\"has-text-color\" style=\"color:#5f7eb4\"><strong>PASSEIO DE 1 DIA<\/strong><\/h4>\n\n\n\n<h1 class=\"has-text-color\" style=\"color:#5f7eb4\">S\u00e3o Miguel Dos Milagres<\/h1>\n<\/div><\/div>\n\n\n\n<div class=\"wp-block-group alignfull has-background\" style=\"background-color:#f7f7f7\"><div class=\"wp-block-group__inner-container\">\n<div style=\"height:34px\" aria-hidden=\"true\" class=\"wp-block-spacer\"><\/div>\n\n\n\n<div class=\"wp-block-columns\">\n<div class=\"wp-block-column\">\n<h4 class=\"has-text-color\" style=\"color:#5f7eb4\">DESCRI\u00c7\u00c3O: <\/h4>\n\n\n\n<p>S\u00e3o Miguel dos Milagres ficou at\u00e9 pouco tempo no anonimato, contudo, nos \u00faltimos anos a regi\u00e3o da&nbsp;<em>Costa dos Corais<\/em>&nbsp;caiu no gosto da m\u00eddia e dos turistas e hoje \u00e9 um dos principais destinos do nordeste, que fica localizada no litoral norte alagoano, bem na Rota Ecol\u00f3gica, com praias paradis\u00edacas em forma de enseada, e coqueiral contornando a faixa de areia. <\/p>\n\n\n\n<p>Seu mar de \u00e1guas calmas, mornas e cristalinas, de um azul esverdeado, abriga lindas piscinas naturais, que podem ser visitadas em qualquer per\u00edodo do ano.<\/p>\n\n\n\n<p>S\u00e3o Miguel dos Milagres, \u00e9 um destino que n\u00e3o pode ser deixado de lado, quem conhece esse para\u00edso fica encantado(a). <\/p>\n\n\n\n<p>\u00c9 o lugar perfeito para quem quer relaxar e curtir a natureza com a tranquilidade de uma praia paradis\u00edaca.<\/p>\n<\/div>\n<\/div>\n\n\n\n<div style=\"height:35px\" aria-hidden=\"true\" class=\"wp-block-spacer\"><\/div>\n\n\n\n<h3 class=\"has-text-align-center has-text-color\" style=\"color:#5f7eb4\">vALORES:<\/h3>\n\n\n\n<p><strong>VALORES DO TRANSFER PRIVATIVO<\/strong><\/p>\n\n\n\n<figure class=\"wp-block-table is-style-stripes\"><table><tbody><tr><td><strong>R$ <\/strong>800,00<\/td><td><strong>PARA AT\u00c9 4 PESSOAS<\/strong><\/td><\/tr><tr><td><strong>R$ <\/strong>900,00<\/td><td><strong>PARA AT\u00c9 6 PESSOAS<\/strong> <\/td><\/tr><\/tbody><\/table><figcaption> <\/figcaption><\/figure>\n\n\n\n<p>\u200b\u2605 N\u00e3o esta incluso day use, alimenta\u00e7\u00e3o e bebidas &nbsp; &nbsp;&nbsp; &nbsp; &nbsp; &nbsp; &nbsp;&nbsp; &nbsp; &nbsp; &nbsp;&nbsp;<\/p>\n\n\n\n<p>\u2605 Os valores informados s\u00e3o para sa\u00edda de Porto de Galinhas, Maraca\u00edpe e Muro Alto.<\/p>\n\n\n\n<p>\u2605 Opcional: passeio de jangada (valores diretamente no local)<\/p>\n\n\n\n<div style=\"height:35px\" aria-hidden=\"true\" class=\"wp-block-spacer\"><\/div>\n\n\n\n<h4 class=\"has-text-align-center has-text-color\" style=\"color:#5f7eb4\">GALERIA DE IMAGEM:<\/h4>\n\n\n\n<div class=\"wp-block-columns alignwide\">\n<div class=\"wp-block-column\">\n<div class=\"wp-block-group\"><div class=\"wp-block-group__inner-container\">\n<figure class=\"wp-block-gallery columns-3 is-cropped\"><ul class=\"blocks-gallery-grid\"><li class=\"blocks-gallery-item\"><figure><img loading=\"lazy\" width=\"1024\" height=\"683\" src=\"http:\/\/vsturismoportodegalinhas.com.br\/2021\/wp-content\/uploads\/2021\/09\/25979023567_5ab216aa36_o-1024x683.jpg\" alt=\"\" data-id=\"1055\" data-full-url=\"http:\/\/vsturismoportodegalinhas.com.br\/2021\/wp-content\/uploads\/2021\/09\/25979023567_5ab216aa36_o-scaled.jpg\" data-link=\"http:\/\/vsturismoportodegalinhas.com.br\/2021\/sao-miguel-dos-milagres\/25979023567_5ab216aa36_o\/\" class=\"wp-image-1055\" srcset=\"https:\/\/vsturismoportodegalinhas.com.br\/2021\/wp-content\/uploads\/2021\/09\/25979023567_5ab216aa36_o-1024x683.jpg 1024w, https:\/\/vsturismoportodegalinhas.com.br\/2021\/wp-content\/uploads\/2021\/09\/25979023567_5ab216aa36_o-scaled-600x400.jpg 600w, https:\/\/vsturismoportodegalinhas.com.br\/2021\/wp-content\/uploads\/2021\/09\/25979023567_5ab216aa36_o-300x200.jpg 300w, https:\/\/vsturismoportodegalinhas.com.br\/2021\/wp-content\/uploads\/2021\/09\/25979023567_5ab216aa36_o-768x513.jpg 768w, https:\/\/vsturismoportodegalinhas.com.br\/2021\/wp-content\/uploads\/2021\/09\/25979023567_5ab216aa36_o-1536x1025.jpg 1536w, https:\/\/vsturismoportodegalinhas.com.br\/2021\/wp-content\/uploads\/2021\/09\/25979023567_5ab216aa36_o-2048x1367.jpg 2048w\" sizes=\"(max-width: 1024px) 100vw, 1024px\" \/><\/figure><\/li><li class=\"blocks-gallery-item\"><figure><img loading=\"lazy\" width=\"1024\" height=\"683\" src=\"http:\/\/vsturismoportodegalinhas.com.br\/2021\/wp-content\/uploads\/2021\/09\/25979023967_8586d04fa0_o-1024x683.jpg\" alt=\"\" data-id=\"1056\" data-full-url=\"http:\/\/vsturismoportodegalinhas.com.br\/2021\/wp-content\/uploads\/2021\/09\/25979023967_8586d04fa0_o-scaled.jpg\" data-link=\"http:\/\/vsturismoportodegalinhas.com.br\/2021\/sao-miguel-dos-milagres\/25979023967_8586d04fa0_o\/\" class=\"wp-image-1056\" srcset=\"https:\/\/vsturismoportodegalinhas.com.br\/2021\/wp-content\/uploads\/2021\/09\/25979023967_8586d04fa0_o-1024x683.jpg 1024w, https:\/\/vsturismoportodegalinhas.com.br\/2021\/wp-content\/uploads\/2021\/09\/25979023967_8586d04fa0_o-scaled-600x400.jpg 600w, https:\/\/vsturismoportodegalinhas.com.br\/2021\/wp-content\/uploads\/2021\/09\/25979023967_8586d04fa0_o-300x200.jpg 300w, https:\/\/vsturismoportodegalinhas.com.br\/2021\/wp-content\/uploads\/2021\/09\/25979023967_8586d04fa0_o-768x513.jpg 768w, https:\/\/vsturismoportodegalinhas.com.br\/2021\/wp-content\/uploads\/2021\/09\/25979023967_8586d04fa0_o-1536x1025.jpg 1536w, https:\/\/vsturismoportodegalinhas.com.br\/2021\/wp-content\/uploads\/2021\/09\/25979023967_8586d04fa0_o-2048x1367.jpg 2048w\" sizes=\"(max-width: 1024px) 100vw, 1024px\" \/><\/figure><\/li><li class=\"blocks-gallery-item\"><figure><img src=\"http:\/\/vsturismoportodegalinhas.com.br\/2021\/wp-content\/uploads\/2021\/09\/25979032137_eae0c1b568_o.jpg\" alt=\"\" data-id=\"1057\" data-full-url=\"http:\/\/vsturismoportodegalinhas.com.br\/2021\/wp-content\/uploads\/2021\/09\/31658616392_f0f555ed37_o.jpg\" data-link=\"http:\/\/vsturismoportodegalinhas.com.br\/2021\/sao-miguel-dos-milagres\/25979032137_eae0c1b568_o\/\" class=\"wp-image-1057\" \/><\/figure><\/li><\/ul><\/figure>\n\n\n\n<figure class=\"wp-block-gallery columns-2 is-cropped\"><ul class=\"blocks-gallery-grid\"><li class=\"blocks-gallery-item\"><figure><img loading=\"lazy\" width=\"1024\" height=\"672\" src=\"http:\/\/vsturismoportodegalinhas.com.br\/2021\/wp-content\/uploads\/2021\/09\/39956457515_48f57a3c52_o-1024x672.jpg\" alt=\"\" data-id=\"1058\" data-full-url=\"http:\/\/vsturismoportodegalinhas.com.br\/2021\/wp-content\/uploads\/2021\/09\/39956457515_48f57a3c52_o-scaled.jpg\" data-link=\"http:\/\/vsturismoportodegalinhas.com.br\/2021\/sao-miguel-dos-milagres\/39956457515_48f57a3c52_o\/\" class=\"wp-image-1058\" srcset=\"https:\/\/vsturismoportodegalinhas.com.br\/2021\/wp-content\/uploads\/2021\/09\/39956457515_48f57a3c52_o-1024x672.jpg 1024w, https:\/\/vsturismoportodegalinhas.com.br\/2021\/wp-content\/uploads\/2021\/09\/39956457515_48f57a3c52_o-scaled-600x394.jpg 600w, https:\/\/vsturismoportodegalinhas.com.br\/2021\/wp-content\/uploads\/2021\/09\/39956457515_48f57a3c52_o-300x197.jpg 300w, https:\/\/vsturismoportodegalinhas.com.br\/2021\/wp-content\/uploads\/2021\/09\/39956457515_48f57a3c52_o-768x504.jpg 768w, https:\/\/vsturismoportodegalinhas.com.br\/2021\/wp-content\/uploads\/2021\/09\/39956457515_48f57a3c52_o-1536x1009.jpg 1536w, https:\/\/vsturismoportodegalinhas.com.br\/2021\/wp-content\/uploads\/2021\/09\/39956457515_48f57a3c52_o-2048x1345.jpg 2048w\" sizes=\"(max-width: 1024px) 100vw, 1024px\" \/><\/figure><\/li><li class=\"blocks-gallery-item\"><figure><img loading=\"lazy\" width=\"1024\" height=\"683\" src=\"http:\/\/vsturismoportodegalinhas.com.br\/2021\/wp-content\/uploads\/2021\/09\/39041083810_6903bf4c0f_o-1024x683.jpg\" alt=\"\" data-id=\"1060\" data-full-url=\"http:\/\/vsturismoportodegalinhas.com.br\/2021\/wp-content\/uploads\/2021\/09\/39041083810_6903bf4c0f_o-scaled.jpg\" data-link=\"http:\/\/vsturismoportodegalinhas.com.br\/2021\/sao-miguel-dos-milagres\/39041083810_6903bf4c0f_o\/\" class=\"wp-image-1060\" srcset=\"https:\/\/vsturismoportodegalinhas.com.br\/2021\/wp-content\/uploads\/2021\/09\/39041083810_6903bf4c0f_o-1024x683.jpg 1024w, https:\/\/vsturismoportodegalinhas.com.br\/2021\/wp-content\/uploads\/2021\/09\/39041083810_6903bf4c0f_o-scaled-600x400.jpg 600w, https:\/\/vsturismoportodegalinhas.com.br\/2021\/wp-content\/uploads\/2021\/09\/39041083810_6903bf4c0f_o-300x200.jpg 300w, https:\/\/vsturismoportodegalinhas.com.br\/2021\/wp-content\/uploads\/2021\/09\/39041083810_6903bf4c0f_o-768x513.jpg 768w, https:\/\/vsturismoportodegalinhas.com.br\/2021\/wp-content\/uploads\/2021\/09\/39041083810_6903bf4c0f_o-1536x1025.jpg 1536w, https:\/\/vsturismoportodegalinhas.com.br\/2021\/wp-content\/uploads\/2021\/09\/39041083810_6903bf4c0f_o-2048x1367.jpg 2048w\" sizes=\"(max-width: 1024px) 100vw, 1024px\" \/><\/figure><\/li><\/ul><\/figure>\n<\/div><\/div>\n<\/div>\n<\/div>\n<\/div><\/div>\n","protected":false},"excerpt":{"rendered":"<p>DESCRI\u00c7\u00c3O: S\u00e3o Miguel dos Milagres ficou at\u00e9 pouco tempo no anonimato, contudo, nos \u00faltimos anos a regi\u00e3o da&nbsp;Costa dos Corais&nbsp;caiu no gosto da m\u00eddia e dos turistas e hoje \u00e9 um dos principais destinos do nordeste, que fica localizada no litoral norte alagoano, bem na Rota Ecol\u00f3gica, com praias paradis\u00edacas em forma de enseada, e &hellip;<\/p>\n<p class=\"read-more\"> <a class=\"\" href=\"https:\/\/vsturismoportodegalinhas.com.br\/2021\/sao-miguel-dos-milagres\/\"> <span class=\"screen-reader-text\">S\u00e3o Miguel dos Milagres<\/span> Leia mais &raquo;<\/a><\/p>\n","protected":false},"author":1,"featured_media":0,"parent":0,"menu_order":0,"comment_status":"closed","ping_status":"closed","template":"","meta":{"om_disable_all_campaigns":false,"_monsterinsights_skip_tracking":false,"_monsterinsights_sitenote_active":false,"_monsterinsights_sitenote_note":"","_monsterinsights_sitenote_category":0},"_links":{"self":[{"href":"https:\/\/vsturismoportodegalinhas.com.br\/2021\/wp-json\/wp\/v2\/pages\/1049"}],"collection":[{"href":"https:\/\/vsturismoportodegalinhas.com.br\/2021\/wp-json\/wp\/v2\/pages"}],"about":[{"href":"https:\/\/vsturismoportodegalinhas.com.br\/2021\/wp-json\/wp\/v2\/types\/page"}],"author":[{"embeddable":true,"href":"https:\/\/vsturismoportodegalinhas.com.br\/2021\/wp-json\/wp\/v2\/users\/1"}],"replies":[{"embeddable":true,"href":"https:\/\/vsturismoportodegalinhas.com.br\/2021\/wp-json\/wp\/v2\/comments?post=1049"}],"version-history":[{"count":14,"href":"https:\/\/vsturismoportodegalinhas.com.br\/2021\/wp-json\/wp\/v2\/pages\/1049\/revisions"}],"predecessor-version":[{"id":1488,"href":"https:\/\/vsturismoportodegalinhas.com.br\/2021\/wp-json\/wp\/v2\/pages\/1049\/revisions\/1488"}],"wp:attachment":[{"href":"https:\/\/vsturismoportodegalinhas.com.br\/2021\/wp-json\/wp\/v2\/media?parent=1049"}],"curies":[{"name":"wp","href":"https:\/\/api.w.org\/{rel}","templated":true}]}}