{"id":1067,"date":"2021-09-22T23:20:11","date_gmt":"2021-09-23T02:20:11","guid":{"rendered":"http:\/\/vsturismoportodegalinhas.com.br\/2021\/?page_id=1067"},"modified":"2025-10-29T12:42:18","modified_gmt":"2025-10-29T15:42:18","slug":"praia-de-calhetas","status":"publish","type":"page","link":"https:\/\/vsturismoportodegalinhas.com.br\/2021\/praia-de-calhetas\/","title":{"rendered":"Praia de Calhetas"},"content":{"rendered":"\n<div class=\"wp-block-cover alignfull has-background-dim-70 has-white-background-color has-background-dim\" style=\"min-height:300px\"><img loading=\"lazy\" width=\"2048\" height=\"942\" class=\"wp-block-cover__image-background wp-image-1084\" alt=\"\" src=\"http:\/\/vsturismoportodegalinhas.com.br\/2021\/wp-content\/uploads\/2021\/09\/31554795675_fb55dd0479_k.jpg\" data-object-fit=\"cover\" srcset=\"https:\/\/vsturismoportodegalinhas.com.br\/2021\/wp-content\/uploads\/2021\/09\/31554795675_fb55dd0479_k.jpg 2048w, https:\/\/vsturismoportodegalinhas.com.br\/2021\/wp-content\/uploads\/2021\/09\/31554795675_fb55dd0479_k-600x276.jpg 600w, https:\/\/vsturismoportodegalinhas.com.br\/2021\/wp-content\/uploads\/2021\/09\/31554795675_fb55dd0479_k-300x138.jpg 300w, https:\/\/vsturismoportodegalinhas.com.br\/2021\/wp-content\/uploads\/2021\/09\/31554795675_fb55dd0479_k-1024x471.jpg 1024w, https:\/\/vsturismoportodegalinhas.com.br\/2021\/wp-content\/uploads\/2021\/09\/31554795675_fb55dd0479_k-768x353.jpg 768w, https:\/\/vsturismoportodegalinhas.com.br\/2021\/wp-content\/uploads\/2021\/09\/31554795675_fb55dd0479_k-1536x707.jpg 1536w\" sizes=\"(max-width: 2048px) 100vw, 2048px\" \/><div class=\"wp-block-cover__inner-container\">\n<div style=\"height:100px\" aria-hidden=\"true\" class=\"wp-block-spacer\"><\/div>\n\n\n\n<h4 class=\"has-text-color\" style=\"color:#5f7eb4\">PASSEIO DE 1 dIA<\/h4>\n\n\n\n<h1 class=\"has-text-color\" style=\"color:#5f7eb4\">pRAIA DE CALHETAS<\/h1>\n<\/div><\/div>\n\n\n\n<div class=\"wp-block-group alignfull has-background\" style=\"background-color:#f7f7f7\"><div class=\"wp-block-group__inner-container\">\n<div style=\"height:34px\" aria-hidden=\"true\" class=\"wp-block-spacer\"><\/div>\n\n\n\n<div class=\"wp-block-columns\">\n<div class=\"wp-block-column\">\n<h4 class=\"has-text-color\" style=\"color:#5f7eb4\">DESCRI\u00c7\u00c3O: <\/h4>\n\n\n\n<p>Localizada na cidade de Cabo de Santo Agostinho, Calhetas \u00e9 considerada um ref\u00fagio para os amantes da natureza. <\/p>\n\n\n\n<p>Com um clima bastante r\u00fastico e aconchegante, ela \u00e9 formada por um conjunto de pedras que formam um cora\u00e7\u00e3o, por isso \u00e9 conhecida como Praia do Amor.<\/p>\n<\/div>\n\n\n\n<div class=\"wp-block-column\">\n<h4 class=\"has-text-color\" style=\"color:#5f7eb4\">ROTEIRO: <\/h4>\n\n\n\n<p>\u2605 Vila de Nazar\u00e9<\/p>\n\n\n\n<p>\u2605 Mirante do Para\u00edso<\/p>\n\n\n\n<p>\u2605 Praia de Suape <\/p>\n\n\n\n<p>\u2605 Praia de Calhetas<\/p>\n<\/div>\n<\/div>\n\n\n\n<div style=\"height:35px\" aria-hidden=\"true\" class=\"wp-block-spacer\"><\/div>\n\n\n\n<h3 class=\"has-text-align-center has-text-color\" style=\"color:#5f7eb4\">vALORES:<\/h3>\n\n\n\n<p><strong>VALOR DO TRANSFER <\/strong><\/p>\n\n\n\n<figure class=\"wp-block-table is-style-stripes\"><table><tbody><tr><td><strong>R$ 120,00<\/strong><\/td><td><strong>POR PESSOA <\/strong><\/td><\/tr><tr><td> <\/td><td><\/td><\/tr><\/tbody><\/table><figcaption> <\/figcaption><\/figure>\n\n\n\n<p>\u2605 Roteiro com parada para fotos<\/p>\n\n\n\n<p>\u200b\u2605 N\u00e3o esta incluso alimenta\u00e7\u00e3o e bebidas.&nbsp; &nbsp;&nbsp; &nbsp; &nbsp; &nbsp; &nbsp; &nbsp; &nbsp; &nbsp; &nbsp; &nbsp; &nbsp; &nbsp; &nbsp; &nbsp;&nbsp; &nbsp; &nbsp; &nbsp; &nbsp; &nbsp; &nbsp;&nbsp;<\/p>\n\n\n\n<p>\u2605 Os valores informados s\u00e3o para sa\u00edda de Porto de Galinhas, Maraca\u00edpe e Muro Alto<\/p>\n\n\n\n<p>\u2605 Opcional: Tirolesa em calhetas e passeio de Catamar\u00e3 Bar do Do\u00eddo (Valor diretamente no local)<\/p>\n\n\n\n<div style=\"height:35px\" aria-hidden=\"true\" class=\"wp-block-spacer\"><\/div>\n\n\n\n<h4 class=\"has-text-align-center has-text-color\" style=\"color:#5f7eb4\">GALERIA DE IMAGEM:<\/h4>\n\n\n\n<div class=\"wp-block-columns alignwide\">\n<div class=\"wp-block-column\">\n<div class=\"wp-block-group\"><div class=\"wp-block-group__inner-container\">\n<figure class=\"wp-block-gallery columns-3 is-cropped\"><ul class=\"blocks-gallery-grid\"><li class=\"blocks-gallery-item\"><figure><img loading=\"lazy\" width=\"1024\" height=\"471\" src=\"http:\/\/vsturismoportodegalinhas.com.br\/2021\/wp-content\/uploads\/2021\/09\/31554795675_fb55dd0479_k-1024x471.jpg\" alt=\"\" data-id=\"1084\" data-full-url=\"http:\/\/vsturismoportodegalinhas.com.br\/2021\/wp-content\/uploads\/2021\/09\/31554795675_fb55dd0479_k.jpg\" data-link=\"http:\/\/vsturismoportodegalinhas.com.br\/2021\/praia-de-calhetas\/31554795675_fb55dd0479_k\/\" class=\"wp-image-1084\" srcset=\"https:\/\/vsturismoportodegalinhas.com.br\/2021\/wp-content\/uploads\/2021\/09\/31554795675_fb55dd0479_k-1024x471.jpg 1024w, https:\/\/vsturismoportodegalinhas.com.br\/2021\/wp-content\/uploads\/2021\/09\/31554795675_fb55dd0479_k-600x276.jpg 600w, https:\/\/vsturismoportodegalinhas.com.br\/2021\/wp-content\/uploads\/2021\/09\/31554795675_fb55dd0479_k-300x138.jpg 300w, https:\/\/vsturismoportodegalinhas.com.br\/2021\/wp-content\/uploads\/2021\/09\/31554795675_fb55dd0479_k-768x353.jpg 768w, https:\/\/vsturismoportodegalinhas.com.br\/2021\/wp-content\/uploads\/2021\/09\/31554795675_fb55dd0479_k-1536x707.jpg 1536w, https:\/\/vsturismoportodegalinhas.com.br\/2021\/wp-content\/uploads\/2021\/09\/31554795675_fb55dd0479_k.jpg 2048w\" sizes=\"(max-width: 1024px) 100vw, 1024px\" \/><\/figure><\/li><li class=\"blocks-gallery-item\"><figure><img loading=\"lazy\" width=\"1024\" height=\"756\" src=\"http:\/\/vsturismoportodegalinhas.com.br\/2021\/wp-content\/uploads\/2021\/09\/6e5e71d0bfb4db6ac8f5a60501fdcf32-1024x756.jpg\" alt=\"\" data-id=\"1083\" data-full-url=\"http:\/\/vsturismoportodegalinhas.com.br\/2021\/wp-content\/uploads\/2021\/09\/6e5e71d0bfb4db6ac8f5a60501fdcf32.jpg\" data-link=\"http:\/\/vsturismoportodegalinhas.com.br\/2021\/praia-de-calhetas\/6e5e71d0bfb4db6ac8f5a60501fdcf32\/\" class=\"wp-image-1083\" srcset=\"https:\/\/vsturismoportodegalinhas.com.br\/2021\/wp-content\/uploads\/2021\/09\/6e5e71d0bfb4db6ac8f5a60501fdcf32-1024x756.jpg 1024w, https:\/\/vsturismoportodegalinhas.com.br\/2021\/wp-content\/uploads\/2021\/09\/6e5e71d0bfb4db6ac8f5a60501fdcf32-600x443.jpg 600w, https:\/\/vsturismoportodegalinhas.com.br\/2021\/wp-content\/uploads\/2021\/09\/6e5e71d0bfb4db6ac8f5a60501fdcf32-300x221.jpg 300w, https:\/\/vsturismoportodegalinhas.com.br\/2021\/wp-content\/uploads\/2021\/09\/6e5e71d0bfb4db6ac8f5a60501fdcf32-768x567.jpg 768w, https:\/\/vsturismoportodegalinhas.com.br\/2021\/wp-content\/uploads\/2021\/09\/6e5e71d0bfb4db6ac8f5a60501fdcf32.jpg 1085w\" sizes=\"(max-width: 1024px) 100vw, 1024px\" \/><\/figure><\/li><li class=\"blocks-gallery-item\"><figure><img loading=\"lazy\" width=\"750\" height=\"498\" src=\"http:\/\/vsturismoportodegalinhas.com.br\/2021\/wp-content\/uploads\/2021\/09\/Vila-de-Nazare.jpg\" alt=\"\" data-id=\"1082\" data-full-url=\"http:\/\/vsturismoportodegalinhas.com.br\/2021\/wp-content\/uploads\/2021\/09\/Vila-de-Nazare.jpg\" data-link=\"http:\/\/vsturismoportodegalinhas.com.br\/2021\/praia-de-calhetas\/vila-de-nazare\/\" class=\"wp-image-1082\" srcset=\"https:\/\/vsturismoportodegalinhas.com.br\/2021\/wp-content\/uploads\/2021\/09\/Vila-de-Nazare.jpg 750w, https:\/\/vsturismoportodegalinhas.com.br\/2021\/wp-content\/uploads\/2021\/09\/Vila-de-Nazare-600x398.jpg 600w, https:\/\/vsturismoportodegalinhas.com.br\/2021\/wp-content\/uploads\/2021\/09\/Vila-de-Nazare-300x199.jpg 300w\" sizes=\"(max-width: 750px) 100vw, 750px\" \/><\/figure><\/li><\/ul><\/figure>\n\n\n\n<figure class=\"wp-block-gallery columns-2 is-cropped\"><ul class=\"blocks-gallery-grid\"><li class=\"blocks-gallery-item\"><figure><img loading=\"lazy\" width=\"1024\" height=\"576\" src=\"http:\/\/vsturismoportodegalinhas.com.br\/2021\/wp-content\/uploads\/2021\/09\/maxresdefault-1024x576.jpg\" alt=\"\" data-id=\"1081\" data-full-url=\"http:\/\/vsturismoportodegalinhas.com.br\/2021\/wp-content\/uploads\/2021\/09\/maxresdefault.jpg\" data-link=\"http:\/\/vsturismoportodegalinhas.com.br\/2021\/praia-de-calhetas\/maxresdefault\/\" class=\"wp-image-1081\" srcset=\"https:\/\/vsturismoportodegalinhas.com.br\/2021\/wp-content\/uploads\/2021\/09\/maxresdefault-1024x576.jpg 1024w, https:\/\/vsturismoportodegalinhas.com.br\/2021\/wp-content\/uploads\/2021\/09\/maxresdefault-600x338.jpg 600w, https:\/\/vsturismoportodegalinhas.com.br\/2021\/wp-content\/uploads\/2021\/09\/maxresdefault-300x169.jpg 300w, https:\/\/vsturismoportodegalinhas.com.br\/2021\/wp-content\/uploads\/2021\/09\/maxresdefault-768x432.jpg 768w, https:\/\/vsturismoportodegalinhas.com.br\/2021\/wp-content\/uploads\/2021\/09\/maxresdefault.jpg 1280w\" sizes=\"(max-width: 1024px) 100vw, 1024px\" \/><\/figure><\/li><li class=\"blocks-gallery-item\"><figure><img loading=\"lazy\" width=\"1024\" height=\"576\" src=\"http:\/\/vsturismoportodegalinhas.com.br\/2021\/wp-content\/uploads\/2021\/09\/maxresdefault-1-1024x576.jpg\" alt=\"\" data-id=\"1080\" data-full-url=\"http:\/\/vsturismoportodegalinhas.com.br\/2021\/wp-content\/uploads\/2021\/09\/maxresdefault-1.jpg\" data-link=\"http:\/\/vsturismoportodegalinhas.com.br\/2021\/praia-de-calhetas\/maxresdefault-1\/\" class=\"wp-image-1080\" srcset=\"https:\/\/vsturismoportodegalinhas.com.br\/2021\/wp-content\/uploads\/2021\/09\/maxresdefault-1-1024x576.jpg 1024w, https:\/\/vsturismoportodegalinhas.com.br\/2021\/wp-content\/uploads\/2021\/09\/maxresdefault-1-600x338.jpg 600w, https:\/\/vsturismoportodegalinhas.com.br\/2021\/wp-content\/uploads\/2021\/09\/maxresdefault-1-300x169.jpg 300w, https:\/\/vsturismoportodegalinhas.com.br\/2021\/wp-content\/uploads\/2021\/09\/maxresdefault-1-768x432.jpg 768w, https:\/\/vsturismoportodegalinhas.com.br\/2021\/wp-content\/uploads\/2021\/09\/maxresdefault-1.jpg 1280w\" sizes=\"(max-width: 1024px) 100vw, 1024px\" \/><\/figure><\/li><\/ul><\/figure>\n<\/div><\/div>\n<\/div>\n<\/div>\n<\/div><\/div>\n","protected":false},"excerpt":{"rendered":"<p>DESCRI\u00c7\u00c3O: Localizada na cidade de Cabo de Santo Agostinho, Calhetas \u00e9 considerada um ref\u00fagio para os amantes da natureza. Com um clima bastante r\u00fastico e aconchegante, ela \u00e9 formada por um conjunto de pedras que formam um cora\u00e7\u00e3o, por isso \u00e9 conhecida como Praia do Amor. ROTEIRO: \u2605 Vila de Nazar\u00e9 \u2605 Mirante do Para\u00edso &hellip;<\/p>\n<p class=\"read-more\"> <a class=\"\" href=\"https:\/\/vsturismoportodegalinhas.com.br\/2021\/praia-de-calhetas\/\"> <span class=\"screen-reader-text\">Praia de Calhetas<\/span> Leia mais &raquo;<\/a><\/p>\n","protected":false},"author":1,"featured_media":0,"parent":0,"menu_order":0,"comment_status":"closed","ping_status":"closed","template":"","meta":{"om_disable_all_campaigns":false,"_monsterinsights_skip_tracking":false,"_monsterinsights_sitenote_active":false,"_monsterinsights_sitenote_note":"","_monsterinsights_sitenote_category":0},"_links":{"self":[{"href":"https:\/\/vsturismoportodegalinhas.com.br\/2021\/wp-json\/wp\/v2\/pages\/1067"}],"collection":[{"href":"https:\/\/vsturismoportodegalinhas.com.br\/2021\/wp-json\/wp\/v2\/pages"}],"about":[{"href":"https:\/\/vsturismoportodegalinhas.com.br\/2021\/wp-json\/wp\/v2\/types\/page"}],"author":[{"embeddable":true,"href":"https:\/\/vsturismoportodegalinhas.com.br\/2021\/wp-json\/wp\/v2\/users\/1"}],"replies":[{"embeddable":true,"href":"https:\/\/vsturismoportodegalinhas.com.br\/2021\/wp-json\/wp\/v2\/comments?post=1067"}],"version-history":[{"count":15,"href":"https:\/\/vsturismoportodegalinhas.com.br\/2021\/wp-json\/wp\/v2\/pages\/1067\/revisions"}],"predecessor-version":[{"id":1484,"href":"https:\/\/vsturismoportodegalinhas.com.br\/2021\/wp-json\/wp\/v2\/pages\/1067\/revisions\/1484"}],"wp:attachment":[{"href":"https:\/\/vsturismoportodegalinhas.com.br\/2021\/wp-json\/wp\/v2\/media?parent=1067"}],"curies":[{"name":"wp","href":"https:\/\/api.w.org\/{rel}","templated":true}]}}