{"id":1087,"date":"2021-09-22T23:35:27","date_gmt":"2021-09-23T02:35:27","guid":{"rendered":"http:\/\/vsturismoportodegalinhas.com.br\/2021\/?page_id=1087"},"modified":"2025-10-29T12:44:27","modified_gmt":"2025-10-29T15:44:27","slug":"recife-olinda","status":"publish","type":"page","link":"https:\/\/vsturismoportodegalinhas.com.br\/2021\/recife-olinda\/","title":{"rendered":"Recife&amp;Olinda"},"content":{"rendered":"\n<div class=\"wp-block-cover alignfull has-background-dim-70 has-white-background-color has-background-dim\" style=\"min-height:300px\"><img loading=\"lazy\" width=\"2560\" height=\"1810\" class=\"wp-block-cover__image-background wp-image-1128\" alt=\"\" src=\"http:\/\/vsturismoportodegalinhas.com.br\/2021\/wp-content\/uploads\/2021\/09\/40215093584_f8a85fb8f8_o-1-scaled.jpg\" data-object-fit=\"cover\" srcset=\"https:\/\/vsturismoportodegalinhas.com.br\/2021\/wp-content\/uploads\/2021\/09\/40215093584_f8a85fb8f8_o-1-scaled.jpg 2560w, https:\/\/vsturismoportodegalinhas.com.br\/2021\/wp-content\/uploads\/2021\/09\/40215093584_f8a85fb8f8_o-1-scaled-600x424.jpg 600w, https:\/\/vsturismoportodegalinhas.com.br\/2021\/wp-content\/uploads\/2021\/09\/40215093584_f8a85fb8f8_o-1-300x212.jpg 300w, https:\/\/vsturismoportodegalinhas.com.br\/2021\/wp-content\/uploads\/2021\/09\/40215093584_f8a85fb8f8_o-1-1024x724.jpg 1024w, https:\/\/vsturismoportodegalinhas.com.br\/2021\/wp-content\/uploads\/2021\/09\/40215093584_f8a85fb8f8_o-1-768x543.jpg 768w, https:\/\/vsturismoportodegalinhas.com.br\/2021\/wp-content\/uploads\/2021\/09\/40215093584_f8a85fb8f8_o-1-1536x1086.jpg 1536w, https:\/\/vsturismoportodegalinhas.com.br\/2021\/wp-content\/uploads\/2021\/09\/40215093584_f8a85fb8f8_o-1-2048x1448.jpg 2048w\" sizes=\"(max-width: 2560px) 100vw, 2560px\" \/><div class=\"wp-block-cover__inner-container\">\n<div style=\"height:100px\" aria-hidden=\"true\" class=\"wp-block-spacer\"><\/div>\n\n\n\n<h4 class=\"has-text-color\" style=\"color:#5f7eb4\"><strong>PASSEIO DE 1 DIA<\/strong><\/h4>\n\n\n\n<h1 class=\"has-text-color\" style=\"color:#5f7eb4\">RECIFE &amp; OLINDA<\/h1>\n<\/div><\/div>\n\n\n\n<div class=\"wp-block-group alignfull has-background\" style=\"background-color:#f7f7f7\"><div class=\"wp-block-group__inner-container\">\n<div style=\"height:34px\" aria-hidden=\"true\" class=\"wp-block-spacer\"><\/div>\n\n\n\n<div class=\"wp-block-columns\">\n<div class=\"wp-block-column\">\n<h4 class=\"has-text-color\" style=\"color:#5f7eb4\">DESCRI\u00c7\u00c3O: <\/h4>\n\n\n\n<p>O City Tour Recife\/Olinda Inicia-se com um tour panor\u00e2mico pela bel\u00edssima orla praia de Boa Viagem, depois seguirmos para o centro hist\u00f3rico do Recife, conhecido como Recife antigo, com belos sobrados, conhecendo o marco Zero da cidade; a Rua do Bom Jesus, eleita a 3\u00b0 rua mais bonita do mundo, casa dos bonecos gigantes do Carnaval de Recife e Olinda. <\/p>\n\n\n\n<p>O passeio segue como a visita a Olinda, cidade patrim\u00f4nio natural e cultural da humanidade, iremos at\u00e9 o alto da s\u00e9, igreja da S\u00e9, Mosteiro de S\u00e3o Bento, passaremos pelas charmosas ruas das casas coloridas, al\u00e9m de outros monumentos hist\u00f3ricos, mirantes, igrejas, oficinas artesanais e galerias com diversas lojinhas.<\/p>\n<\/div>\n\n\n\n<div class=\"wp-block-column\">\n<h4 class=\"has-text-color\" style=\"color:#5f7eb4\">ROTEIRO: <\/h4>\n\n\n\n<p>\u2605 Orla de Boa Viagem<\/p>\n\n\n\n<p>\u2605 Parque Dona Lind\u00fa<\/p>\n\n\n\n<p>\u2605 Recife Antigo<\/p>\n\n\n\n<p>\u2605 Marco Zero<\/p>\n\n\n\n<p> \u2605 Olinda (Centro hist\u00f3rico)<\/p>\n<\/div>\n<\/div>\n\n\n\n<div style=\"height:35px\" aria-hidden=\"true\" class=\"wp-block-spacer\"><\/div>\n\n\n\n<h3 class=\"has-text-align-center has-text-color\" style=\"color:#5f7eb4\">vALORES:<\/h3>\n\n\n\n<p><strong>VALOR DO TRANSFER <\/strong><\/p>\n\n\n\n<figure class=\"wp-block-table is-style-stripes\"><table><tbody><tr><td><strong>R$ 120,00 <\/strong><\/td><td><strong>POR PESSOA <\/strong><\/td><\/tr><tr><td><\/td><td><\/td><\/tr><\/tbody><\/table><figcaption> <\/figcaption><\/figure>\n\n\n\n<p>\u2605 Roteiro com parada para fotos<\/p>\n\n\n\n<p>\u200b\u2605 N\u00e3o esta incluso a entrada a museus e igrejas, alimenta\u00e7\u00e3o e bebidas &nbsp; &nbsp;&nbsp; &nbsp; &nbsp; &nbsp; &nbsp;&nbsp; &nbsp; &nbsp; &nbsp;&nbsp; <\/p>\n\n\n\n<p>\u2605 Os valores informados s\u00e3o para sa\u00edda de Porto de Galinhas, Maraca\u00edpe e Muro Alto<\/p>\n\n\n\n<p>\u2605 Opcional: Entrada nos museus e igrejas (valores diretamente no local)<\/p>\n\n\n\n<div style=\"height:35px\" aria-hidden=\"true\" class=\"wp-block-spacer\"><\/div>\n\n\n\n<h4 class=\"has-text-align-center has-text-color\" style=\"color:#5f7eb4\">GALERIA DE IMAGEM:<\/h4>\n\n\n\n<div class=\"wp-block-columns alignwide\">\n<div class=\"wp-block-column\">\n<div class=\"wp-block-group\"><div class=\"wp-block-group__inner-container\">\n<figure class=\"wp-block-gallery columns-3 is-cropped\"><ul class=\"blocks-gallery-grid\"><li class=\"blocks-gallery-item\"><figure><img loading=\"lazy\" width=\"1024\" height=\"724\" src=\"http:\/\/vsturismoportodegalinhas.com.br\/2021\/wp-content\/uploads\/2021\/09\/39777099800_0d9e704f81_o-1024x724.jpg\" alt=\"\" data-id=\"1106\" data-full-url=\"http:\/\/vsturismoportodegalinhas.com.br\/2021\/wp-content\/uploads\/2021\/09\/39777099800_0d9e704f81_o-scaled.jpg\" data-link=\"http:\/\/vsturismoportodegalinhas.com.br\/2021\/recife-olinda\/39777099800_0d9e704f81_o\/\" class=\"wp-image-1106\" srcset=\"https:\/\/vsturismoportodegalinhas.com.br\/2021\/wp-content\/uploads\/2021\/09\/39777099800_0d9e704f81_o-1024x724.jpg 1024w, https:\/\/vsturismoportodegalinhas.com.br\/2021\/wp-content\/uploads\/2021\/09\/39777099800_0d9e704f81_o-scaled-600x424.jpg 600w, https:\/\/vsturismoportodegalinhas.com.br\/2021\/wp-content\/uploads\/2021\/09\/39777099800_0d9e704f81_o-300x212.jpg 300w, https:\/\/vsturismoportodegalinhas.com.br\/2021\/wp-content\/uploads\/2021\/09\/39777099800_0d9e704f81_o-768x543.jpg 768w, https:\/\/vsturismoportodegalinhas.com.br\/2021\/wp-content\/uploads\/2021\/09\/39777099800_0d9e704f81_o-1536x1086.jpg 1536w, https:\/\/vsturismoportodegalinhas.com.br\/2021\/wp-content\/uploads\/2021\/09\/39777099800_0d9e704f81_o-2048x1448.jpg 2048w\" sizes=\"(max-width: 1024px) 100vw, 1024px\" \/><\/figure><\/li><li class=\"blocks-gallery-item\"><figure><img loading=\"lazy\" width=\"1024\" height=\"724\" src=\"http:\/\/vsturismoportodegalinhas.com.br\/2021\/wp-content\/uploads\/2021\/09\/40881756382_6da590967b_o-1024x724.jpg\" alt=\"\" data-id=\"1112\" data-full-url=\"http:\/\/vsturismoportodegalinhas.com.br\/2021\/wp-content\/uploads\/2021\/09\/40881756382_6da590967b_o-scaled.jpg\" data-link=\"http:\/\/vsturismoportodegalinhas.com.br\/2021\/recife-olinda\/40881756382_6da590967b_o\/\" class=\"wp-image-1112\" srcset=\"https:\/\/vsturismoportodegalinhas.com.br\/2021\/wp-content\/uploads\/2021\/09\/40881756382_6da590967b_o-1024x724.jpg 1024w, https:\/\/vsturismoportodegalinhas.com.br\/2021\/wp-content\/uploads\/2021\/09\/40881756382_6da590967b_o-scaled-600x424.jpg 600w, https:\/\/vsturismoportodegalinhas.com.br\/2021\/wp-content\/uploads\/2021\/09\/40881756382_6da590967b_o-300x212.jpg 300w, https:\/\/vsturismoportodegalinhas.com.br\/2021\/wp-content\/uploads\/2021\/09\/40881756382_6da590967b_o-768x543.jpg 768w, https:\/\/vsturismoportodegalinhas.com.br\/2021\/wp-content\/uploads\/2021\/09\/40881756382_6da590967b_o-1536x1086.jpg 1536w, https:\/\/vsturismoportodegalinhas.com.br\/2021\/wp-content\/uploads\/2021\/09\/40881756382_6da590967b_o-2048x1448.jpg 2048w\" sizes=\"(max-width: 1024px) 100vw, 1024px\" \/><\/figure><\/li><li class=\"blocks-gallery-item\"><figure><img loading=\"lazy\" width=\"1024\" height=\"724\" src=\"http:\/\/vsturismoportodegalinhas.com.br\/2021\/wp-content\/uploads\/2021\/09\/40215093584_f8a85fb8f8_o-1024x724.jpg\" alt=\"\" data-id=\"1110\" data-full-url=\"http:\/\/vsturismoportodegalinhas.com.br\/2021\/wp-content\/uploads\/2021\/09\/40215093584_f8a85fb8f8_o-scaled.jpg\" data-link=\"http:\/\/vsturismoportodegalinhas.com.br\/2021\/recife-olinda\/40215093584_f8a85fb8f8_o\/\" class=\"wp-image-1110\" srcset=\"https:\/\/vsturismoportodegalinhas.com.br\/2021\/wp-content\/uploads\/2021\/09\/40215093584_f8a85fb8f8_o-1024x724.jpg 1024w, https:\/\/vsturismoportodegalinhas.com.br\/2021\/wp-content\/uploads\/2021\/09\/40215093584_f8a85fb8f8_o-scaled-600x424.jpg 600w, https:\/\/vsturismoportodegalinhas.com.br\/2021\/wp-content\/uploads\/2021\/09\/40215093584_f8a85fb8f8_o-300x212.jpg 300w, https:\/\/vsturismoportodegalinhas.com.br\/2021\/wp-content\/uploads\/2021\/09\/40215093584_f8a85fb8f8_o-768x543.jpg 768w, https:\/\/vsturismoportodegalinhas.com.br\/2021\/wp-content\/uploads\/2021\/09\/40215093584_f8a85fb8f8_o-1536x1086.jpg 1536w, https:\/\/vsturismoportodegalinhas.com.br\/2021\/wp-content\/uploads\/2021\/09\/40215093584_f8a85fb8f8_o-2048x1448.jpg 2048w\" sizes=\"(max-width: 1024px) 100vw, 1024px\" \/><\/figure><\/li><\/ul><\/figure>\n\n\n\n<figure class=\"wp-block-gallery columns-3 is-cropped\"><ul class=\"blocks-gallery-grid\"><li class=\"blocks-gallery-item\"><figure><img loading=\"lazy\" width=\"1024\" height=\"724\" src=\"http:\/\/vsturismoportodegalinhas.com.br\/2021\/wp-content\/uploads\/2021\/09\/40923826471_37ed486ec9_o-1024x724.jpg\" alt=\"\" data-id=\"1114\" data-full-url=\"http:\/\/vsturismoportodegalinhas.com.br\/2021\/wp-content\/uploads\/2021\/09\/40923826471_37ed486ec9_o-scaled.jpg\" data-link=\"http:\/\/vsturismoportodegalinhas.com.br\/2021\/recife-olinda\/40923826471_37ed486ec9_o\/\" class=\"wp-image-1114\" srcset=\"https:\/\/vsturismoportodegalinhas.com.br\/2021\/wp-content\/uploads\/2021\/09\/40923826471_37ed486ec9_o-1024x724.jpg 1024w, https:\/\/vsturismoportodegalinhas.com.br\/2021\/wp-content\/uploads\/2021\/09\/40923826471_37ed486ec9_o-scaled-600x424.jpg 600w, https:\/\/vsturismoportodegalinhas.com.br\/2021\/wp-content\/uploads\/2021\/09\/40923826471_37ed486ec9_o-300x212.jpg 300w, https:\/\/vsturismoportodegalinhas.com.br\/2021\/wp-content\/uploads\/2021\/09\/40923826471_37ed486ec9_o-768x543.jpg 768w, https:\/\/vsturismoportodegalinhas.com.br\/2021\/wp-content\/uploads\/2021\/09\/40923826471_37ed486ec9_o-1536x1086.jpg 1536w, https:\/\/vsturismoportodegalinhas.com.br\/2021\/wp-content\/uploads\/2021\/09\/40923826471_37ed486ec9_o-2048x1448.jpg 2048w\" sizes=\"(max-width: 1024px) 100vw, 1024px\" \/><\/figure><\/li><li class=\"blocks-gallery-item\"><figure><img loading=\"lazy\" width=\"1024\" height=\"724\" src=\"http:\/\/vsturismoportodegalinhas.com.br\/2021\/wp-content\/uploads\/2021\/09\/40866209452_4b81f62012_o-1024x724.jpg\" alt=\"\" data-id=\"1113\" data-full-url=\"http:\/\/vsturismoportodegalinhas.com.br\/2021\/wp-content\/uploads\/2021\/09\/40866209452_4b81f62012_o-scaled.jpg\" data-link=\"http:\/\/vsturismoportodegalinhas.com.br\/2021\/recife-olinda\/40866209452_4b81f62012_o\/\" class=\"wp-image-1113\" srcset=\"https:\/\/vsturismoportodegalinhas.com.br\/2021\/wp-content\/uploads\/2021\/09\/40866209452_4b81f62012_o-1024x724.jpg 1024w, https:\/\/vsturismoportodegalinhas.com.br\/2021\/wp-content\/uploads\/2021\/09\/40866209452_4b81f62012_o-scaled-600x424.jpg 600w, https:\/\/vsturismoportodegalinhas.com.br\/2021\/wp-content\/uploads\/2021\/09\/40866209452_4b81f62012_o-300x212.jpg 300w, https:\/\/vsturismoportodegalinhas.com.br\/2021\/wp-content\/uploads\/2021\/09\/40866209452_4b81f62012_o-768x543.jpg 768w\" sizes=\"(max-width: 1024px) 100vw, 1024px\" \/><\/figure><\/li><li class=\"blocks-gallery-item\"><figure><img loading=\"lazy\" width=\"1024\" height=\"724\" src=\"http:\/\/vsturismoportodegalinhas.com.br\/2021\/wp-content\/uploads\/2021\/09\/40866193842_7918244b60_o-1024x724.jpg\" alt=\"\" data-id=\"1111\" data-full-url=\"http:\/\/vsturismoportodegalinhas.com.br\/2021\/wp-content\/uploads\/2021\/09\/40866193842_7918244b60_o-scaled.jpg\" data-link=\"http:\/\/vsturismoportodegalinhas.com.br\/2021\/recife-olinda\/40866193842_7918244b60_o\/\" class=\"wp-image-1111\" srcset=\"https:\/\/vsturismoportodegalinhas.com.br\/2021\/wp-content\/uploads\/2021\/09\/40866193842_7918244b60_o-1024x724.jpg 1024w, https:\/\/vsturismoportodegalinhas.com.br\/2021\/wp-content\/uploads\/2021\/09\/40866193842_7918244b60_o-scaled-600x424.jpg 600w, https:\/\/vsturismoportodegalinhas.com.br\/2021\/wp-content\/uploads\/2021\/09\/40866193842_7918244b60_o-300x212.jpg 300w, https:\/\/vsturismoportodegalinhas.com.br\/2021\/wp-content\/uploads\/2021\/09\/40866193842_7918244b60_o-768x543.jpg 768w, https:\/\/vsturismoportodegalinhas.com.br\/2021\/wp-content\/uploads\/2021\/09\/40866193842_7918244b60_o-1536x1086.jpg 1536w, https:\/\/vsturismoportodegalinhas.com.br\/2021\/wp-content\/uploads\/2021\/09\/40866193842_7918244b60_o-2048x1448.jpg 2048w\" sizes=\"(max-width: 1024px) 100vw, 1024px\" \/><\/figure><\/li><\/ul><\/figure>\n\n\n\n<figure class=\"wp-block-gallery columns-3 is-cropped\"><ul class=\"blocks-gallery-grid\"><li class=\"blocks-gallery-item\"><figure><img loading=\"lazy\" width=\"1024\" height=\"724\" src=\"http:\/\/vsturismoportodegalinhas.com.br\/2021\/wp-content\/uploads\/2021\/09\/39098486060_e31ccd4783_o-1024x724.jpg\" alt=\"\" data-id=\"1103\" data-full-url=\"http:\/\/vsturismoportodegalinhas.com.br\/2021\/wp-content\/uploads\/2021\/09\/39098486060_e31ccd4783_o-scaled.jpg\" data-link=\"http:\/\/vsturismoportodegalinhas.com.br\/2021\/recife-olinda\/39098486060_e31ccd4783_o\/\" class=\"wp-image-1103\" srcset=\"https:\/\/vsturismoportodegalinhas.com.br\/2021\/wp-content\/uploads\/2021\/09\/39098486060_e31ccd4783_o-1024x724.jpg 1024w, https:\/\/vsturismoportodegalinhas.com.br\/2021\/wp-content\/uploads\/2021\/09\/39098486060_e31ccd4783_o-scaled-600x424.jpg 600w, https:\/\/vsturismoportodegalinhas.com.br\/2021\/wp-content\/uploads\/2021\/09\/39098486060_e31ccd4783_o-300x212.jpg 300w, https:\/\/vsturismoportodegalinhas.com.br\/2021\/wp-content\/uploads\/2021\/09\/39098486060_e31ccd4783_o-768x543.jpg 768w, https:\/\/vsturismoportodegalinhas.com.br\/2021\/wp-content\/uploads\/2021\/09\/39098486060_e31ccd4783_o-1536x1086.jpg 1536w, https:\/\/vsturismoportodegalinhas.com.br\/2021\/wp-content\/uploads\/2021\/09\/39098486060_e31ccd4783_o-2048x1448.jpg 2048w\" sizes=\"(max-width: 1024px) 100vw, 1024px\" \/><\/figure><\/li><li class=\"blocks-gallery-item\"><figure><img loading=\"lazy\" width=\"724\" height=\"1024\" src=\"http:\/\/vsturismoportodegalinhas.com.br\/2021\/wp-content\/uploads\/2021\/09\/27052227178_48576094c2_o-1-724x1024.jpg\" alt=\"\" data-id=\"1118\" data-full-url=\"http:\/\/vsturismoportodegalinhas.com.br\/2021\/wp-content\/uploads\/2021\/09\/27052227178_48576094c2_o-1-scaled.jpg\" data-link=\"http:\/\/vsturismoportodegalinhas.com.br\/2021\/recife-olinda\/27052227178_48576094c2_o-2\/\" class=\"wp-image-1118\" srcset=\"https:\/\/vsturismoportodegalinhas.com.br\/2021\/wp-content\/uploads\/2021\/09\/27052227178_48576094c2_o-1-724x1024.jpg 724w, https:\/\/vsturismoportodegalinhas.com.br\/2021\/wp-content\/uploads\/2021\/09\/27052227178_48576094c2_o-1-scaled-600x849.jpg 600w, https:\/\/vsturismoportodegalinhas.com.br\/2021\/wp-content\/uploads\/2021\/09\/27052227178_48576094c2_o-1-212x300.jpg 212w, https:\/\/vsturismoportodegalinhas.com.br\/2021\/wp-content\/uploads\/2021\/09\/27052227178_48576094c2_o-1-768x1086.jpg 768w, https:\/\/vsturismoportodegalinhas.com.br\/2021\/wp-content\/uploads\/2021\/09\/27052227178_48576094c2_o-1-1086x1536.jpg 1086w, https:\/\/vsturismoportodegalinhas.com.br\/2021\/wp-content\/uploads\/2021\/09\/27052227178_48576094c2_o-1-1448x2048.jpg 1448w, https:\/\/vsturismoportodegalinhas.com.br\/2021\/wp-content\/uploads\/2021\/09\/27052227178_48576094c2_o-1-scaled.jpg 1810w\" sizes=\"(max-width: 724px) 100vw, 724px\" \/><\/figure><\/li><li class=\"blocks-gallery-item\"><figure><img loading=\"lazy\" width=\"1024\" height=\"724\" src=\"http:\/\/vsturismoportodegalinhas.com.br\/2021\/wp-content\/uploads\/2021\/09\/27715038478_d823a2d687_o-2-1024x724.jpg\" alt=\"\" data-id=\"1125\" data-full-url=\"http:\/\/vsturismoportodegalinhas.com.br\/2021\/wp-content\/uploads\/2021\/09\/27715038478_d823a2d687_o-2-scaled.jpg\" data-link=\"http:\/\/vsturismoportodegalinhas.com.br\/2021\/recife-olinda\/27715038478_d823a2d687_o-3\/\" class=\"wp-image-1125\" srcset=\"https:\/\/vsturismoportodegalinhas.com.br\/2021\/wp-content\/uploads\/2021\/09\/27715038478_d823a2d687_o-2-1024x724.jpg 1024w, https:\/\/vsturismoportodegalinhas.com.br\/2021\/wp-content\/uploads\/2021\/09\/27715038478_d823a2d687_o-2-scaled-600x424.jpg 600w, https:\/\/vsturismoportodegalinhas.com.br\/2021\/wp-content\/uploads\/2021\/09\/27715038478_d823a2d687_o-2-300x212.jpg 300w, https:\/\/vsturismoportodegalinhas.com.br\/2021\/wp-content\/uploads\/2021\/09\/27715038478_d823a2d687_o-2-768x543.jpg 768w, https:\/\/vsturismoportodegalinhas.com.br\/2021\/wp-content\/uploads\/2021\/09\/27715038478_d823a2d687_o-2-1536x1086.jpg 1536w, https:\/\/vsturismoportodegalinhas.com.br\/2021\/wp-content\/uploads\/2021\/09\/27715038478_d823a2d687_o-2-2048x1448.jpg 2048w\" sizes=\"(max-width: 1024px) 100vw, 1024px\" \/><\/figure><\/li><\/ul><\/figure>\n<\/div><\/div>\n<\/div>\n<\/div>\n<\/div><\/div>\n","protected":false},"excerpt":{"rendered":"<p>DESCRI\u00c7\u00c3O: O City Tour Recife\/Olinda Inicia-se com um tour panor\u00e2mico pela bel\u00edssima orla praia de Boa Viagem, depois seguirmos para o centro hist\u00f3rico do Recife, conhecido como Recife antigo, com belos sobrados, conhecendo o marco Zero da cidade; a Rua do Bom Jesus, eleita a 3\u00b0 rua mais bonita do mundo, casa dos bonecos gigantes &hellip;<\/p>\n<p class=\"read-more\"> <a class=\"\" href=\"https:\/\/vsturismoportodegalinhas.com.br\/2021\/recife-olinda\/\"> <span class=\"screen-reader-text\">Recife&amp;Olinda<\/span> Leia mais &raquo;<\/a><\/p>\n","protected":false},"author":1,"featured_media":0,"parent":0,"menu_order":0,"comment_status":"closed","ping_status":"closed","template":"","meta":{"om_disable_all_campaigns":false,"_monsterinsights_skip_tracking":false,"_monsterinsights_sitenote_active":false,"_monsterinsights_sitenote_note":"","_monsterinsights_sitenote_category":0},"_links":{"self":[{"href":"https:\/\/vsturismoportodegalinhas.com.br\/2021\/wp-json\/wp\/v2\/pages\/1087"}],"collection":[{"href":"https:\/\/vsturismoportodegalinhas.com.br\/2021\/wp-json\/wp\/v2\/pages"}],"about":[{"href":"https:\/\/vsturismoportodegalinhas.com.br\/2021\/wp-json\/wp\/v2\/types\/page"}],"author":[{"embeddable":true,"href":"https:\/\/vsturismoportodegalinhas.com.br\/2021\/wp-json\/wp\/v2\/users\/1"}],"replies":[{"embeddable":true,"href":"https:\/\/vsturismoportodegalinhas.com.br\/2021\/wp-json\/wp\/v2\/comments?post=1087"}],"version-history":[{"count":18,"href":"https:\/\/vsturismoportodegalinhas.com.br\/2021\/wp-json\/wp\/v2\/pages\/1087\/revisions"}],"predecessor-version":[{"id":1487,"href":"https:\/\/vsturismoportodegalinhas.com.br\/2021\/wp-json\/wp\/v2\/pages\/1087\/revisions\/1487"}],"wp:attachment":[{"href":"https:\/\/vsturismoportodegalinhas.com.br\/2021\/wp-json\/wp\/v2\/media?parent=1087"}],"curies":[{"name":"wp","href":"https:\/\/api.w.org\/{rel}","templated":true}]}}