{"id":897,"date":"2021-09-17T22:34:32","date_gmt":"2021-09-18T01:34:32","guid":{"rendered":"http:\/\/vsturismoportodegalinhas.com.br\/2021\/?page_id=897"},"modified":"2026-01-14T13:56:50","modified_gmt":"2026-01-14T16:56:50","slug":"passeio-ponta-a-ponta","status":"publish","type":"page","link":"https:\/\/vsturismoportodegalinhas.com.br\/2021\/passeio-ponta-a-ponta\/","title":{"rendered":"Passeio Ponta a Ponta"},"content":{"rendered":"\n<div class=\"wp-block-cover alignfull\" style=\"background-color:#0c49c2;min-height:300px\"><img loading=\"lazy\" width=\"1920\" height=\"365\" class=\"wp-block-cover__image-background wp-image-1183\" alt=\"\" src=\"http:\/\/vsturismoportodegalinhas.com.br\/2021\/wp-content\/uploads\/2021\/09\/Design-sem-nome-3-1.jpg\" data-object-fit=\"cover\" srcset=\"https:\/\/vsturismoportodegalinhas.com.br\/2021\/wp-content\/uploads\/2021\/09\/Design-sem-nome-3-1.jpg 1920w, https:\/\/vsturismoportodegalinhas.com.br\/2021\/wp-content\/uploads\/2021\/09\/Design-sem-nome-3-1-600x114.jpg 600w, https:\/\/vsturismoportodegalinhas.com.br\/2021\/wp-content\/uploads\/2021\/09\/Design-sem-nome-3-1-300x57.jpg 300w, https:\/\/vsturismoportodegalinhas.com.br\/2021\/wp-content\/uploads\/2021\/09\/Design-sem-nome-3-1-1024x195.jpg 1024w, https:\/\/vsturismoportodegalinhas.com.br\/2021\/wp-content\/uploads\/2021\/09\/Design-sem-nome-3-1-768x146.jpg 768w, https:\/\/vsturismoportodegalinhas.com.br\/2021\/wp-content\/uploads\/2021\/09\/Design-sem-nome-3-1-1536x292.jpg 1536w\" sizes=\"(max-width: 1920px) 100vw, 1920px\" \/><div class=\"wp-block-cover__inner-container\">\n<div style=\"height:100px\" aria-hidden=\"true\" class=\"wp-block-spacer\"><\/div>\n\n\n\n<h4 class=\"has-text-color\" style=\"color:#5f7eb4\">PASSEIO DE BUGGY<\/h4>\n\n\n\n<h1 class=\"has-text-color\" style=\"color:#5f7eb4\">PASSEIO PONTA A PONTA<\/h1>\n<\/div><\/div>\n\n\n\n<div class=\"wp-block-group alignfull has-background\" style=\"background-color:#f7f7f7\"><div class=\"wp-block-group__inner-container\">\n<div style=\"height:34px\" aria-hidden=\"true\" class=\"wp-block-spacer\"><\/div>\n\n\n\n<div class=\"wp-block-columns\">\n<div class=\"wp-block-column\">\n<h4 class=\"has-text-color\" style=\"color:#5f7eb4\">DESCRI\u00c7\u00c3O: <\/h4>\n\n\n\n<p>Venha conhecer nosso litoral de uma forma diferente e divertida, em nosso passeio de buggy, desfrutando de praias e paisagens exuberantes, registrando cada momento \u00fanico e especial com bel\u00edssimas fotos.<\/p>\n\n\n\n<p>Vem viver momentos inesquec\u00edveis!<\/p>\n<\/div>\n\n\n\n<div class=\"wp-block-column\">\n<h4 class=\"has-text-color\" style=\"color:#5f7eb4\">ROTEIRO:<\/h4>\n\n\n\n<p>Passeio de buggy nas 04 praias pr\u00f3ximas a Porto de galinhas,&nbsp;02 praias ao norte: Pontal Cupe e Muro Alto, e 02 praias ao sul: Maraca\u00edpe e Pontal do Maraca\u00edpe.<\/p>\n\n\n\n<p>Com paradas para banho e fotos nas praias.<\/p>\n<\/div>\n<\/div>\n\n\n\n<div style=\"height:35px\" aria-hidden=\"true\" class=\"wp-block-spacer\"><\/div>\n\n\n\n<h3 class=\"has-text-align-center has-text-color\" style=\"color:#5f7eb4\">vALORES:<\/h3>\n\n\n\n<figure class=\"wp-block-table is-style-stripes\"><table><tbody><tr><td><strong>4 HORAS DE PASSEIO<\/strong><\/td><td><strong>R$ 450,00<\/strong><\/td><\/tr><\/tbody><\/table><figcaption> <\/figcaption><\/figure>\n\n\n\n<p>\u2605  Valor referente ao Buggy com capacidade at\u00e9 04 pessoas<\/p>\n\n\n\n<p>\u2605 Opcional: passeio de jangada no manguezal do pontal de Maraca\u00edpe para ver os cavalos marinhos.  Valor: verificar diretamente na cabine dos jangadeiros <\/p>\n\n\n\n<p>\u2605 N\u00e3o esta incluso alimenta\u00e7\u00e3o e bebidas <\/p>\n\n\n\n<p>\u2605 Os valores informados s\u00e3o para sa\u00edda de Porto de galinhas, Maraca\u00edpe e Muro Alto<\/p>\n\n\n\n<div style=\"height:35px\" aria-hidden=\"true\" class=\"wp-block-spacer\"><\/div>\n\n\n\n<h4 class=\"has-text-align-center has-text-color\" style=\"color:#5f7eb4\">GALERIA DE IMAGEM:<\/h4>\n\n\n\n<div class=\"wp-block-columns alignwide\">\n<div class=\"wp-block-column\">\n<figure class=\"wp-block-gallery columns-3 is-cropped\"><ul class=\"blocks-gallery-grid\"><li class=\"blocks-gallery-item\"><figure><img loading=\"lazy\" width=\"1024\" height=\"724\" src=\"http:\/\/vsturismoportodegalinhas.com.br\/2021\/wp-content\/uploads\/2021\/09\/bruno-lima_praia-de-porto-de-galinhas_ipojuca_pe_39098827660_o-1024x724.jpg\" alt=\"\" data-id=\"1133\" data-full-url=\"http:\/\/vsturismoportodegalinhas.com.br\/2021\/wp-content\/uploads\/2021\/09\/bruno-lima_praia-de-porto-de-galinhas_ipojuca_pe_39098827660_o-scaled.jpg\" data-link=\"http:\/\/vsturismoportodegalinhas.com.br\/2021\/passeio-ponta-a-ponta\/bruno-lima_praia-de-porto-de-galinhas_ipojuca_pe_39098827660_o\/\" class=\"wp-image-1133\" srcset=\"https:\/\/vsturismoportodegalinhas.com.br\/2021\/wp-content\/uploads\/2021\/09\/bruno-lima_praia-de-porto-de-galinhas_ipojuca_pe_39098827660_o-1024x724.jpg 1024w, https:\/\/vsturismoportodegalinhas.com.br\/2021\/wp-content\/uploads\/2021\/09\/bruno-lima_praia-de-porto-de-galinhas_ipojuca_pe_39098827660_o-scaled-600x424.jpg 600w, https:\/\/vsturismoportodegalinhas.com.br\/2021\/wp-content\/uploads\/2021\/09\/bruno-lima_praia-de-porto-de-galinhas_ipojuca_pe_39098827660_o-300x212.jpg 300w, https:\/\/vsturismoportodegalinhas.com.br\/2021\/wp-content\/uploads\/2021\/09\/bruno-lima_praia-de-porto-de-galinhas_ipojuca_pe_39098827660_o-768x543.jpg 768w, https:\/\/vsturismoportodegalinhas.com.br\/2021\/wp-content\/uploads\/2021\/09\/bruno-lima_praia-de-porto-de-galinhas_ipojuca_pe_39098827660_o-1536x1086.jpg 1536w, https:\/\/vsturismoportodegalinhas.com.br\/2021\/wp-content\/uploads\/2021\/09\/bruno-lima_praia-de-porto-de-galinhas_ipojuca_pe_39098827660_o-2048x1448.jpg 2048w\" sizes=\"(max-width: 1024px) 100vw, 1024px\" \/><\/figure><\/li><li class=\"blocks-gallery-item\"><figure><img loading=\"lazy\" width=\"1024\" height=\"724\" src=\"http:\/\/vsturismoportodegalinhas.com.br\/2021\/wp-content\/uploads\/2021\/09\/bruno-lima_praia-de-muro-alto_ipojuca_pe_40908731001_o-1024x724.jpg\" alt=\"\" data-id=\"1132\" data-full-url=\"http:\/\/vsturismoportodegalinhas.com.br\/2021\/wp-content\/uploads\/2021\/09\/bruno-lima_praia-de-muro-alto_ipojuca_pe_40908731001_o-scaled.jpg\" data-link=\"http:\/\/vsturismoportodegalinhas.com.br\/2021\/passeio-ponta-a-ponta\/bruno-lima_praia-de-muro-alto_ipojuca_pe_40908731001_o\/\" class=\"wp-image-1132\" srcset=\"https:\/\/vsturismoportodegalinhas.com.br\/2021\/wp-content\/uploads\/2021\/09\/bruno-lima_praia-de-muro-alto_ipojuca_pe_40908731001_o-1024x724.jpg 1024w, https:\/\/vsturismoportodegalinhas.com.br\/2021\/wp-content\/uploads\/2021\/09\/bruno-lima_praia-de-muro-alto_ipojuca_pe_40908731001_o-scaled-600x424.jpg 600w, https:\/\/vsturismoportodegalinhas.com.br\/2021\/wp-content\/uploads\/2021\/09\/bruno-lima_praia-de-muro-alto_ipojuca_pe_40908731001_o-300x212.jpg 300w, https:\/\/vsturismoportodegalinhas.com.br\/2021\/wp-content\/uploads\/2021\/09\/bruno-lima_praia-de-muro-alto_ipojuca_pe_40908731001_o-768x543.jpg 768w, https:\/\/vsturismoportodegalinhas.com.br\/2021\/wp-content\/uploads\/2021\/09\/bruno-lima_praia-de-muro-alto_ipojuca_pe_40908731001_o-1536x1086.jpg 1536w, https:\/\/vsturismoportodegalinhas.com.br\/2021\/wp-content\/uploads\/2021\/09\/bruno-lima_praia-de-muro-alto_ipojuca_pe_40908731001_o-2048x1448.jpg 2048w\" sizes=\"(max-width: 1024px) 100vw, 1024px\" \/><\/figure><\/li><li class=\"blocks-gallery-item\"><figure><img loading=\"lazy\" width=\"1024\" height=\"724\" src=\"http:\/\/vsturismoportodegalinhas.com.br\/2021\/wp-content\/uploads\/2021\/09\/bruno-lima_praia-de-muro-alto_ipojuca_pe_39098829100_o-1024x724.jpg\" alt=\"\" data-id=\"1137\" data-full-url=\"http:\/\/vsturismoportodegalinhas.com.br\/2021\/wp-content\/uploads\/2021\/09\/bruno-lima_praia-de-muro-alto_ipojuca_pe_39098829100_o-scaled.jpg\" data-link=\"http:\/\/vsturismoportodegalinhas.com.br\/2021\/passeio-ponta-a-ponta\/bruno-lima_praia-de-muro-alto_ipojuca_pe_39098829100_o\/\" class=\"wp-image-1137\" srcset=\"https:\/\/vsturismoportodegalinhas.com.br\/2021\/wp-content\/uploads\/2021\/09\/bruno-lima_praia-de-muro-alto_ipojuca_pe_39098829100_o-1024x724.jpg 1024w, https:\/\/vsturismoportodegalinhas.com.br\/2021\/wp-content\/uploads\/2021\/09\/bruno-lima_praia-de-muro-alto_ipojuca_pe_39098829100_o-scaled-600x424.jpg 600w, https:\/\/vsturismoportodegalinhas.com.br\/2021\/wp-content\/uploads\/2021\/09\/bruno-lima_praia-de-muro-alto_ipojuca_pe_39098829100_o-300x212.jpg 300w, https:\/\/vsturismoportodegalinhas.com.br\/2021\/wp-content\/uploads\/2021\/09\/bruno-lima_praia-de-muro-alto_ipojuca_pe_39098829100_o-768x543.jpg 768w, https:\/\/vsturismoportodegalinhas.com.br\/2021\/wp-content\/uploads\/2021\/09\/bruno-lima_praia-de-muro-alto_ipojuca_pe_39098829100_o-1536x1086.jpg 1536w, https:\/\/vsturismoportodegalinhas.com.br\/2021\/wp-content\/uploads\/2021\/09\/bruno-lima_praia-de-muro-alto_ipojuca_pe_39098829100_o-2048x1448.jpg 2048w\" sizes=\"(max-width: 1024px) 100vw, 1024px\" \/><\/figure><\/li><\/ul><\/figure>\n\n\n\n<figure class=\"wp-block-gallery columns-3 is-cropped\"><ul class=\"blocks-gallery-grid\"><li class=\"blocks-gallery-item\"><figure><img loading=\"lazy\" width=\"1024\" height=\"724\" src=\"http:\/\/vsturismoportodegalinhas.com.br\/2021\/wp-content\/uploads\/2021\/09\/bruno-lima_piscinas-naturais-de-porto-de-galinhas_ipojuca_pe_27037766848_o-1024x724.jpg\" alt=\"\" data-id=\"1136\" data-full-url=\"http:\/\/vsturismoportodegalinhas.com.br\/2021\/wp-content\/uploads\/2021\/09\/bruno-lima_piscinas-naturais-de-porto-de-galinhas_ipojuca_pe_27037766848_o-scaled.jpg\" data-link=\"http:\/\/vsturismoportodegalinhas.com.br\/2021\/passeio-ponta-a-ponta\/bruno-lima_piscinas-naturais-de-porto-de-galinhas_ipojuca_pe_27037766848_o\/\" class=\"wp-image-1136\" srcset=\"https:\/\/vsturismoportodegalinhas.com.br\/2021\/wp-content\/uploads\/2021\/09\/bruno-lima_piscinas-naturais-de-porto-de-galinhas_ipojuca_pe_27037766848_o-1024x724.jpg 1024w, https:\/\/vsturismoportodegalinhas.com.br\/2021\/wp-content\/uploads\/2021\/09\/bruno-lima_piscinas-naturais-de-porto-de-galinhas_ipojuca_pe_27037766848_o-scaled-600x424.jpg 600w, https:\/\/vsturismoportodegalinhas.com.br\/2021\/wp-content\/uploads\/2021\/09\/bruno-lima_piscinas-naturais-de-porto-de-galinhas_ipojuca_pe_27037766848_o-300x212.jpg 300w, https:\/\/vsturismoportodegalinhas.com.br\/2021\/wp-content\/uploads\/2021\/09\/bruno-lima_piscinas-naturais-de-porto-de-galinhas_ipojuca_pe_27037766848_o-768x543.jpg 768w, https:\/\/vsturismoportodegalinhas.com.br\/2021\/wp-content\/uploads\/2021\/09\/bruno-lima_piscinas-naturais-de-porto-de-galinhas_ipojuca_pe_27037766848_o-1536x1086.jpg 1536w, https:\/\/vsturismoportodegalinhas.com.br\/2021\/wp-content\/uploads\/2021\/09\/bruno-lima_piscinas-naturais-de-porto-de-galinhas_ipojuca_pe_27037766848_o-2048x1448.jpg 2048w\" sizes=\"(max-width: 1024px) 100vw, 1024px\" \/><\/figure><\/li><li class=\"blocks-gallery-item\"><figure><img loading=\"lazy\" width=\"1024\" height=\"724\" src=\"http:\/\/vsturismoportodegalinhas.com.br\/2021\/wp-content\/uploads\/2021\/09\/walbermoura_praiademuroalto_ipojuca_pe_40866490572_o-1024x724.jpg\" alt=\"\" data-id=\"1135\" data-full-url=\"http:\/\/vsturismoportodegalinhas.com.br\/2021\/wp-content\/uploads\/2021\/09\/walbermoura_praiademuroalto_ipojuca_pe_40866490572_o-scaled.jpg\" data-link=\"http:\/\/vsturismoportodegalinhas.com.br\/2021\/passeio-ponta-a-ponta\/walbermoura_praiademuroalto_ipojuca_pe_40866490572_o\/\" class=\"wp-image-1135\" srcset=\"https:\/\/vsturismoportodegalinhas.com.br\/2021\/wp-content\/uploads\/2021\/09\/walbermoura_praiademuroalto_ipojuca_pe_40866490572_o-1024x724.jpg 1024w, https:\/\/vsturismoportodegalinhas.com.br\/2021\/wp-content\/uploads\/2021\/09\/walbermoura_praiademuroalto_ipojuca_pe_40866490572_o-scaled-600x424.jpg 600w, https:\/\/vsturismoportodegalinhas.com.br\/2021\/wp-content\/uploads\/2021\/09\/walbermoura_praiademuroalto_ipojuca_pe_40866490572_o-300x212.jpg 300w, https:\/\/vsturismoportodegalinhas.com.br\/2021\/wp-content\/uploads\/2021\/09\/walbermoura_praiademuroalto_ipojuca_pe_40866490572_o-768x543.jpg 768w, https:\/\/vsturismoportodegalinhas.com.br\/2021\/wp-content\/uploads\/2021\/09\/walbermoura_praiademuroalto_ipojuca_pe_40866490572_o-1536x1086.jpg 1536w, https:\/\/vsturismoportodegalinhas.com.br\/2021\/wp-content\/uploads\/2021\/09\/walbermoura_praiademuroalto_ipojuca_pe_40866490572_o-2048x1448.jpg 2048w\" sizes=\"(max-width: 1024px) 100vw, 1024px\" \/><\/figure><\/li><li class=\"blocks-gallery-item\"><figure><img loading=\"lazy\" width=\"1024\" height=\"724\" src=\"http:\/\/vsturismoportodegalinhas.com.br\/2021\/wp-content\/uploads\/2021\/09\/bruno-lima_praia-de-porto-de-galinhas_ipojuca_pe_40908733081_o-1024x724.jpg\" alt=\"\" data-id=\"1134\" data-full-url=\"http:\/\/vsturismoportodegalinhas.com.br\/2021\/wp-content\/uploads\/2021\/09\/bruno-lima_praia-de-porto-de-galinhas_ipojuca_pe_40908733081_o-scaled.jpg\" data-link=\"http:\/\/vsturismoportodegalinhas.com.br\/2021\/passeio-ponta-a-ponta\/bruno-lima_praia-de-porto-de-galinhas_ipojuca_pe_40908733081_o\/\" class=\"wp-image-1134\" srcset=\"https:\/\/vsturismoportodegalinhas.com.br\/2021\/wp-content\/uploads\/2021\/09\/bruno-lima_praia-de-porto-de-galinhas_ipojuca_pe_40908733081_o-1024x724.jpg 1024w, https:\/\/vsturismoportodegalinhas.com.br\/2021\/wp-content\/uploads\/2021\/09\/bruno-lima_praia-de-porto-de-galinhas_ipojuca_pe_40908733081_o-scaled-600x424.jpg 600w, https:\/\/vsturismoportodegalinhas.com.br\/2021\/wp-content\/uploads\/2021\/09\/bruno-lima_praia-de-porto-de-galinhas_ipojuca_pe_40908733081_o-300x212.jpg 300w, https:\/\/vsturismoportodegalinhas.com.br\/2021\/wp-content\/uploads\/2021\/09\/bruno-lima_praia-de-porto-de-galinhas_ipojuca_pe_40908733081_o-768x543.jpg 768w, https:\/\/vsturismoportodegalinhas.com.br\/2021\/wp-content\/uploads\/2021\/09\/bruno-lima_praia-de-porto-de-galinhas_ipojuca_pe_40908733081_o-1536x1086.jpg 1536w, https:\/\/vsturismoportodegalinhas.com.br\/2021\/wp-content\/uploads\/2021\/09\/bruno-lima_praia-de-porto-de-galinhas_ipojuca_pe_40908733081_o-2048x1448.jpg 2048w\" sizes=\"(max-width: 1024px) 100vw, 1024px\" \/><\/figure><\/li><\/ul><\/figure>\n<\/div>\n<\/div>\n\n\n\n<div class=\"wp-block-columns alignwide\"><\/div>\n<\/div><\/div>\n","protected":false},"excerpt":{"rendered":"<p>DESCRI\u00c7\u00c3O: Venha conhecer nosso litoral de uma forma diferente e divertida, em nosso passeio de buggy, desfrutando de praias e paisagens exuberantes, registrando cada momento \u00fanico e especial com bel\u00edssimas fotos. Vem viver momentos inesquec\u00edveis! ROTEIRO: Passeio de buggy nas 04 praias pr\u00f3ximas a Porto de galinhas,&nbsp;02 praias ao norte: Pontal Cupe e Muro Alto, &hellip;<\/p>\n<p class=\"read-more\"> <a class=\"\" href=\"https:\/\/vsturismoportodegalinhas.com.br\/2021\/passeio-ponta-a-ponta\/\"> <span class=\"screen-reader-text\">Passeio Ponta a Ponta<\/span> Leia mais &raquo;<\/a><\/p>\n","protected":false},"author":1,"featured_media":0,"parent":0,"menu_order":0,"comment_status":"closed","ping_status":"closed","template":"","meta":{"om_disable_all_campaigns":false,"_monsterinsights_skip_tracking":false,"_monsterinsights_sitenote_active":false,"_monsterinsights_sitenote_note":"","_monsterinsights_sitenote_category":0},"_links":{"self":[{"href":"https:\/\/vsturismoportodegalinhas.com.br\/2021\/wp-json\/wp\/v2\/pages\/897"}],"collection":[{"href":"https:\/\/vsturismoportodegalinhas.com.br\/2021\/wp-json\/wp\/v2\/pages"}],"about":[{"href":"https:\/\/vsturismoportodegalinhas.com.br\/2021\/wp-json\/wp\/v2\/types\/page"}],"author":[{"embeddable":true,"href":"https:\/\/vsturismoportodegalinhas.com.br\/2021\/wp-json\/wp\/v2\/users\/1"}],"replies":[{"embeddable":true,"href":"https:\/\/vsturismoportodegalinhas.com.br\/2021\/wp-json\/wp\/v2\/comments?post=897"}],"version-history":[{"count":26,"href":"https:\/\/vsturismoportodegalinhas.com.br\/2021\/wp-json\/wp\/v2\/pages\/897\/revisions"}],"predecessor-version":[{"id":1491,"href":"https:\/\/vsturismoportodegalinhas.com.br\/2021\/wp-json\/wp\/v2\/pages\/897\/revisions\/1491"}],"wp:attachment":[{"href":"https:\/\/vsturismoportodegalinhas.com.br\/2021\/wp-json\/wp\/v2\/media?parent=897"}],"curies":[{"name":"wp","href":"https:\/\/api.w.org\/{rel}","templated":true}]}}