{"id":1251,"date":"2021-10-15T00:04:52","date_gmt":"2021-10-15T03:04:52","guid":{"rendered":"https:\/\/vsturismoportodegalinhas.com.br\/2021\/?post_type=product&#038;p=1251"},"modified":"2025-10-29T12:54:58","modified_gmt":"2025-10-29T15:54:58","slug":"praia-dos-carneiros","status":"publish","type":"product","link":"https:\/\/vsturismoportodegalinhas.com.br\/2021\/produto\/praia-dos-carneiros\/","title":{"rendered":"PRAIA DOS CARNEIROS"},"content":{"rendered":"<p><strong>VALOR DO TRANSFER\u00a0+ PASSEIO DE CATAMAR\u00c3<\/strong><br \/>\nVALOR= 160,00 POR PESSOA<\/p>\n<p>\u2605 O passeio de catamar\u00e3 tem dura\u00e7\u00e3o de 02 horas, com 03 paradas, banco de areia, banho de argila e Igrejinha.<\/p>\n<p>\u200b\u2605 N\u00e3o esta incluso alimenta\u00e7\u00e3o ou bebidas.<\/p>\n<p>\u2605 Os valores informados s\u00e3o para sa\u00edda de Porto de Galinhas, Maraca\u00edpe e Muro Alto.<\/p>\n","protected":false},"excerpt":{"rendered":"<p><strong>VALOR DO TRANSFER + PASSEIO DE CATAMAR\u00c3<\/strong><\/p>\n","protected":false},"featured_media":1140,"comment_status":"open","ping_status":"closed","template":"","meta":{"om_disable_all_campaigns":false,"_monsterinsights_skip_tracking":false,"_monsterinsights_sitenote_active":false,"_monsterinsights_sitenote_note":"","_monsterinsights_sitenote_category":0},"product_cat":[23],"product_tag":[],"_links":{"self":[{"href":"https:\/\/vsturismoportodegalinhas.com.br\/2021\/wp-json\/wp\/v2\/product\/1251"}],"collection":[{"href":"https:\/\/vsturismoportodegalinhas.com.br\/2021\/wp-json\/wp\/v2\/product"}],"about":[{"href":"https:\/\/vsturismoportodegalinhas.com.br\/2021\/wp-json\/wp\/v2\/types\/product"}],"replies":[{"embeddable":true,"href":"https:\/\/vsturismoportodegalinhas.com.br\/2021\/wp-json\/wp\/v2\/comments?post=1251"}],"wp:featuredmedia":[{"embeddable":true,"href":"https:\/\/vsturismoportodegalinhas.com.br\/2021\/wp-json\/wp\/v2\/media\/1140"}],"wp:attachment":[{"href":"https:\/\/vsturismoportodegalinhas.com.br\/2021\/wp-json\/wp\/v2\/media?parent=1251"}],"wp:term":[{"taxonomy":"product_cat","embeddable":true,"href":"https:\/\/vsturismoportodegalinhas.com.br\/2021\/wp-json\/wp\/v2\/product_cat?post=1251"},{"taxonomy":"product_tag","embeddable":true,"href":"https:\/\/vsturismoportodegalinhas.com.br\/2021\/wp-json\/wp\/v2\/product_tag?post=1251"}],"curies":[{"name":"wp","href":"https:\/\/api.w.org\/{rel}","templated":true}]}}