{"id":1254,"date":"2021-10-21T03:42:16","date_gmt":"2021-10-21T06:42:16","guid":{"rendered":"https:\/\/vsturismoportodegalinhas.com.br\/2021\/?post_type=product&#038;p=1254"},"modified":"2026-01-14T13:58:10","modified_gmt":"2026-01-14T16:58:10","slug":"ponta-a-ponta-passeio-de-buggy","status":"publish","type":"product","link":"https:\/\/vsturismoportodegalinhas.com.br\/2021\/produto\/ponta-a-ponta-passeio-de-buggy\/","title":{"rendered":"PONTA A PONTA &#8211; PASSEIO DE BUGGY"},"content":{"rendered":"<p>\u2605 Valor referente ao Buggy com capacidade at\u00e9 04 pessoas<\/p>\n<p>\u2605 Opcional: passeio de jangada no manguezal do pontal de Maraca\u00edpe para ver os cavalos marinhos. Valor: verificar diretamente na cabine dos jangadeiros<\/p>\n<p>\u2605 N\u00e3o esta incluso alimenta\u00e7\u00e3o e bebidas<\/p>\n<p>\u2605 Os valores informados s\u00e3o para sa\u00edda de Porto de galinhas, Maraca\u00edpe e Muro Alto<\/p>\n","protected":false},"excerpt":{"rendered":"<p style=\"text-align: left\"><strong>VALOR POR BUGGY (AT\u00c9 4 PESSOAS)<\/strong><\/p>\n<p><strong>PASSEIO COM DURA\u00c7\u00c3O DE 4 HORAS<\/strong><\/p>\n","protected":false},"featured_media":1266,"comment_status":"open","ping_status":"closed","template":"","meta":{"om_disable_all_campaigns":false,"_monsterinsights_skip_tracking":false,"_monsterinsights_sitenote_active":false,"_monsterinsights_sitenote_note":"","_monsterinsights_sitenote_category":0},"product_cat":[23],"product_tag":[],"_links":{"self":[{"href":"https:\/\/vsturismoportodegalinhas.com.br\/2021\/wp-json\/wp\/v2\/product\/1254"}],"collection":[{"href":"https:\/\/vsturismoportodegalinhas.com.br\/2021\/wp-json\/wp\/v2\/product"}],"about":[{"href":"https:\/\/vsturismoportodegalinhas.com.br\/2021\/wp-json\/wp\/v2\/types\/product"}],"replies":[{"embeddable":true,"href":"https:\/\/vsturismoportodegalinhas.com.br\/2021\/wp-json\/wp\/v2\/comments?post=1254"}],"wp:featuredmedia":[{"embeddable":true,"href":"https:\/\/vsturismoportodegalinhas.com.br\/2021\/wp-json\/wp\/v2\/media\/1266"}],"wp:attachment":[{"href":"https:\/\/vsturismoportodegalinhas.com.br\/2021\/wp-json\/wp\/v2\/media?parent=1254"}],"wp:term":[{"taxonomy":"product_cat","embeddable":true,"href":"https:\/\/vsturismoportodegalinhas.com.br\/2021\/wp-json\/wp\/v2\/product_cat?post=1254"},{"taxonomy":"product_tag","embeddable":true,"href":"https:\/\/vsturismoportodegalinhas.com.br\/2021\/wp-json\/wp\/v2\/product_tag?post=1254"}],"curies":[{"name":"wp","href":"https:\/\/api.w.org\/{rel}","templated":true}]}}