{"id":1255,"date":"2021-10-21T03:46:26","date_gmt":"2021-10-21T06:46:26","guid":{"rendered":"https:\/\/vsturismoportodegalinhas.com.br\/2021\/?post_type=product&#038;p=1255"},"modified":"2025-10-29T12:53:49","modified_gmt":"2025-10-29T15:53:49","slug":"praia-de-maragogi","status":"publish","type":"product","link":"https:\/\/vsturismoportodegalinhas.com.br\/2021\/produto\/praia-de-maragogi\/","title":{"rendered":"PRAIA DE MARAGOGI"},"content":{"rendered":"<h4 class=\"has-text-color\"><strong>TRANSFER\u00a0+ PASSEIO DE LANCHA<\/strong><\/h4>\n<p>VALOR= 180,00 POR PESSOA<br \/>\n\u2605 O passeio de lancha tem dura\u00e7\u00e3o de 02 horas, com 02 paradas, piscinas naturais e banco de areia (caminho de Mois\u00e9s)<\/p>\n<p>\u200b\u2605 N\u00e3o esta incluso alimenta\u00e7\u00e3o ou bebidas.<\/p>\n<p>\u2605 Os valores informados s\u00e3o para sa\u00edda de Porto de Galinhas, Maraca\u00edpe e Muro Alto.<\/p>\n<p>\u2605\u00a0<strong>OBS<\/strong>: Hor\u00e1rio da sa\u00eddas de acordo com a mar\u00e9 do dia.<\/p>\n","protected":false},"excerpt":{"rendered":"<h4 class=\"has-text-color\"><strong>TRANSFER PRIVATIVO\u00a0+ PASSEIO DE LANCHA<\/strong><\/h4>\n","protected":false},"featured_media":1265,"comment_status":"open","ping_status":"closed","template":"","meta":{"om_disable_all_campaigns":false,"_monsterinsights_skip_tracking":false,"_monsterinsights_sitenote_active":false,"_monsterinsights_sitenote_note":"","_monsterinsights_sitenote_category":0},"product_cat":[23],"product_tag":[],"_links":{"self":[{"href":"https:\/\/vsturismoportodegalinhas.com.br\/2021\/wp-json\/wp\/v2\/product\/1255"}],"collection":[{"href":"https:\/\/vsturismoportodegalinhas.com.br\/2021\/wp-json\/wp\/v2\/product"}],"about":[{"href":"https:\/\/vsturismoportodegalinhas.com.br\/2021\/wp-json\/wp\/v2\/types\/product"}],"replies":[{"embeddable":true,"href":"https:\/\/vsturismoportodegalinhas.com.br\/2021\/wp-json\/wp\/v2\/comments?post=1255"}],"wp:featuredmedia":[{"embeddable":true,"href":"https:\/\/vsturismoportodegalinhas.com.br\/2021\/wp-json\/wp\/v2\/media\/1265"}],"wp:attachment":[{"href":"https:\/\/vsturismoportodegalinhas.com.br\/2021\/wp-json\/wp\/v2\/media?parent=1255"}],"wp:term":[{"taxonomy":"product_cat","embeddable":true,"href":"https:\/\/vsturismoportodegalinhas.com.br\/2021\/wp-json\/wp\/v2\/product_cat?post=1255"},{"taxonomy":"product_tag","embeddable":true,"href":"https:\/\/vsturismoportodegalinhas.com.br\/2021\/wp-json\/wp\/v2\/product_tag?post=1255"}],"curies":[{"name":"wp","href":"https:\/\/api.w.org\/{rel}","templated":true}]}}