{"id":1256,"date":"2021-10-21T04:05:44","date_gmt":"2021-10-21T07:05:44","guid":{"rendered":"https:\/\/vsturismoportodegalinhas.com.br\/2021\/?post_type=product&#038;p=1256"},"modified":"2025-10-29T12:50:55","modified_gmt":"2025-10-29T15:50:55","slug":"ilha-de-santo-aleixo","status":"publish","type":"product","link":"https:\/\/vsturismoportodegalinhas.com.br\/2021\/produto\/ilha-de-santo-aleixo\/","title":{"rendered":"ILHA DE SANTO ALEIXO"},"content":{"rendered":"<h4 class=\"has-text-color\"><strong>VALOR TRANSFER<\/strong>\u00a0+ TRAVESSIA DE\u00a0<strong>LANCHA + TRILHA COM GUIA<\/strong><\/h4>\n<p>&nbsp;<\/p>\n<p>\u2605 A travessia de lancha tem dura\u00e7\u00e3o de aproximadamente 10 minutos<\/p>\n<p>\u200b\u2605 N\u00e3o esta incluso alimenta\u00e7\u00e3o e bebidas.<\/p>\n<p>\u2605 Os valores informados s\u00e3o para sa\u00edda de Porto de Galinhas, Maraca\u00edpe e Muro Alto<\/p>\n","protected":false},"excerpt":{"rendered":"<h4 class=\"has-text-color\"><strong>VALOR TRANSFER<\/strong>\u00a0+ TRAVESSIA DE\u00a0<strong>LANCHA + TRILHA COM GUIA<\/strong><\/h4>\n","protected":false},"featured_media":1264,"comment_status":"open","ping_status":"closed","template":"","meta":{"om_disable_all_campaigns":false,"_monsterinsights_skip_tracking":false,"_monsterinsights_sitenote_active":false,"_monsterinsights_sitenote_note":"","_monsterinsights_sitenote_category":0},"product_cat":[23],"product_tag":[],"_links":{"self":[{"href":"https:\/\/vsturismoportodegalinhas.com.br\/2021\/wp-json\/wp\/v2\/product\/1256"}],"collection":[{"href":"https:\/\/vsturismoportodegalinhas.com.br\/2021\/wp-json\/wp\/v2\/product"}],"about":[{"href":"https:\/\/vsturismoportodegalinhas.com.br\/2021\/wp-json\/wp\/v2\/types\/product"}],"replies":[{"embeddable":true,"href":"https:\/\/vsturismoportodegalinhas.com.br\/2021\/wp-json\/wp\/v2\/comments?post=1256"}],"wp:featuredmedia":[{"embeddable":true,"href":"https:\/\/vsturismoportodegalinhas.com.br\/2021\/wp-json\/wp\/v2\/media\/1264"}],"wp:attachment":[{"href":"https:\/\/vsturismoportodegalinhas.com.br\/2021\/wp-json\/wp\/v2\/media?parent=1256"}],"wp:term":[{"taxonomy":"product_cat","embeddable":true,"href":"https:\/\/vsturismoportodegalinhas.com.br\/2021\/wp-json\/wp\/v2\/product_cat?post=1256"},{"taxonomy":"product_tag","embeddable":true,"href":"https:\/\/vsturismoportodegalinhas.com.br\/2021\/wp-json\/wp\/v2\/product_tag?post=1256"}],"curies":[{"name":"wp","href":"https:\/\/api.w.org\/{rel}","templated":true}]}}