{"id":1258,"date":"2021-10-21T04:07:48","date_gmt":"2021-10-21T07:07:48","guid":{"rendered":"https:\/\/vsturismoportodegalinhas.com.br\/2021\/?post_type=product&#038;p=1258"},"modified":"2023-01-05T07:17:53","modified_gmt":"2023-01-05T10:17:53","slug":"sao-miguel-dos-milagres","status":"publish","type":"product","link":"https:\/\/vsturismoportodegalinhas.com.br\/2021\/produto\/sao-miguel-dos-milagres\/","title":{"rendered":"S\u00c3O MIGUEL DOS MILAGRES"},"content":{"rendered":"<p>\u2605 N\u00e3o esta incluso day use, alimenta\u00e7\u00e3o e bebidas<\/p>\n<p>\u2605 Os valores informados s\u00e3o para sa\u00edda de Porto de Galinhas, Maraca\u00edpe e Muro Alto.<\/p>\n<p>\u2605 Opcional: passeio de jangada (valores diretamente no local)<\/p>\n","protected":false},"excerpt":{"rendered":"<p><strong>VALORES DO TRANSFER PRIVATIVO<\/strong><\/p>\n","protected":false},"featured_media":1263,"comment_status":"open","ping_status":"closed","template":"","meta":{"om_disable_all_campaigns":false,"_monsterinsights_skip_tracking":false,"_monsterinsights_sitenote_active":false,"_monsterinsights_sitenote_note":"","_monsterinsights_sitenote_category":0},"product_cat":[23],"product_tag":[],"_links":{"self":[{"href":"https:\/\/vsturismoportodegalinhas.com.br\/2021\/wp-json\/wp\/v2\/product\/1258"}],"collection":[{"href":"https:\/\/vsturismoportodegalinhas.com.br\/2021\/wp-json\/wp\/v2\/product"}],"about":[{"href":"https:\/\/vsturismoportodegalinhas.com.br\/2021\/wp-json\/wp\/v2\/types\/product"}],"replies":[{"embeddable":true,"href":"https:\/\/vsturismoportodegalinhas.com.br\/2021\/wp-json\/wp\/v2\/comments?post=1258"}],"wp:featuredmedia":[{"embeddable":true,"href":"https:\/\/vsturismoportodegalinhas.com.br\/2021\/wp-json\/wp\/v2\/media\/1263"}],"wp:attachment":[{"href":"https:\/\/vsturismoportodegalinhas.com.br\/2021\/wp-json\/wp\/v2\/media?parent=1258"}],"wp:term":[{"taxonomy":"product_cat","embeddable":true,"href":"https:\/\/vsturismoportodegalinhas.com.br\/2021\/wp-json\/wp\/v2\/product_cat?post=1258"},{"taxonomy":"product_tag","embeddable":true,"href":"https:\/\/vsturismoportodegalinhas.com.br\/2021\/wp-json\/wp\/v2\/product_tag?post=1258"}],"curies":[{"name":"wp","href":"https:\/\/api.w.org\/{rel}","templated":true}]}}