{"id":1260,"date":"2021-10-21T04:09:02","date_gmt":"2021-10-21T07:09:02","guid":{"rendered":"https:\/\/vsturismoportodegalinhas.com.br\/2021\/?post_type=product&#038;p=1260"},"modified":"2025-10-29T12:48:20","modified_gmt":"2025-10-29T15:48:20","slug":"recife-e-olinda","status":"publish","type":"product","link":"https:\/\/vsturismoportodegalinhas.com.br\/2021\/produto\/recife-e-olinda\/","title":{"rendered":"RECIFE &amp; OLINDA"},"content":{"rendered":"<h4 class=\"has-text-color\">ROTEIRO:<\/h4>\n<p>\u2605 Orla de Boa Viagem<\/p>\n<p>\u2605 Parque Dona Lind\u00fa<\/p>\n<p>\u2605 Recife Antigo<\/p>\n<p>\u2605 Marco Zero<\/p>\n<p>\u2605 Olinda (Centro hist\u00f3rico)<\/p>\n<p>&nbsp;<\/p>\n<h4 class=\"has-text-color\">OBS:<\/h4>\n<p>\u2605 Roteiro com parada para fotos<\/p>\n<p>\u200b\u2605 N\u00e3o esta incluso a entrada a museus e igrejas, alimenta\u00e7\u00e3o e bebidas<\/p>\n<p>\u2605 Os valores informados s\u00e3o para sa\u00edda de Porto de Galinhas, Maraca\u00edpe e Muro Alto<\/p>\n<p>\u2605 Opcional: Entrada nos museus e igrejas (valores diretamente no local)<\/p>\n","protected":false},"excerpt":{"rendered":"<p><strong>VALORES DO TRANSFER PRIVATIVO\u00a0<\/strong><\/p>\n","protected":false},"featured_media":1262,"comment_status":"open","ping_status":"closed","template":"","meta":{"om_disable_all_campaigns":false,"_monsterinsights_skip_tracking":false,"_monsterinsights_sitenote_active":false,"_monsterinsights_sitenote_note":"","_monsterinsights_sitenote_category":0},"product_cat":[23],"product_tag":[],"_links":{"self":[{"href":"https:\/\/vsturismoportodegalinhas.com.br\/2021\/wp-json\/wp\/v2\/product\/1260"}],"collection":[{"href":"https:\/\/vsturismoportodegalinhas.com.br\/2021\/wp-json\/wp\/v2\/product"}],"about":[{"href":"https:\/\/vsturismoportodegalinhas.com.br\/2021\/wp-json\/wp\/v2\/types\/product"}],"replies":[{"embeddable":true,"href":"https:\/\/vsturismoportodegalinhas.com.br\/2021\/wp-json\/wp\/v2\/comments?post=1260"}],"wp:featuredmedia":[{"embeddable":true,"href":"https:\/\/vsturismoportodegalinhas.com.br\/2021\/wp-json\/wp\/v2\/media\/1262"}],"wp:attachment":[{"href":"https:\/\/vsturismoportodegalinhas.com.br\/2021\/wp-json\/wp\/v2\/media?parent=1260"}],"wp:term":[{"taxonomy":"product_cat","embeddable":true,"href":"https:\/\/vsturismoportodegalinhas.com.br\/2021\/wp-json\/wp\/v2\/product_cat?post=1260"},{"taxonomy":"product_tag","embeddable":true,"href":"https:\/\/vsturismoportodegalinhas.com.br\/2021\/wp-json\/wp\/v2\/product_tag?post=1260"}],"curies":[{"name":"wp","href":"https:\/\/api.w.org\/{rel}","templated":true}]}}